{"id":108,"date":"2024-09-13T19:55:54","date_gmt":"2024-09-13T19:55:54","guid":{"rendered":"https:\/\/grapos-softdrinks.sk\/?page_id=108"},"modified":"2025-06-06T09:14:58","modified_gmt":"2025-06-06T09:14:58","slug":"napoje","status":"publish","type":"page","link":"https:\/\/grapos-softdrinks.sk\/index.php\/napoje\/","title":{"rendered":"N\u00e1poje"},"content":{"rendered":"\t\t<div data-elementor-type=\"wp-page\" data-elementor-id=\"108\" class=\"elementor elementor-108\" data-elementor-post-type=\"page\">\n\t\t\t\t<div class=\"elementor-element elementor-element-2081658 e-flex e-con-boxed e-con e-parent\" data-id=\"2081658\" data-element_type=\"container\">\n\t\t\t\t\t<div class=\"e-con-inner\">\n\t\t\t\t<div class=\"elementor-element elementor-element-1d3ab4e elementor-post-navigation-borders-yes elementor-widget elementor-widget-post-navigation\" data-id=\"1d3ab4e\" data-element_type=\"widget\" data-widget_type=\"post-navigation.default\">\n\t\t\t\t<div class=\"elementor-widget-container\">\n\t\t\t<link rel=\"stylesheet\" href=\"https:\/\/grapos-softdrinks.sk\/wp-content\/plugins\/elementor-pro\/assets\/css\/widget-theme-elements.min.css?ver=1729962869\">\t\t<div class=\"elementor-post-navigation\">\n\t\t\t<div class=\"elementor-post-navigation__prev elementor-post-navigation__link\">\n\t\t\t\t<a href=\"https:\/\/grapos-softdrinks.sk\/index.php\/co2-stopa\/\" rel=\"prev\"><span class=\"post-navigation__arrow-wrapper post-navigation__arrow-prev\"><i class=\"fa fa-arrow-circle-left\" aria-hidden=\"true\"><\/i><span class=\"elementor-screen-only\">Prev<\/span><\/span><span class=\"elementor-post-navigation__link__prev\"><span class=\"post-navigation__prev--label\">Predch\u00e1dzaj\u00faca str\u00e1nka<\/span><span class=\"post-navigation__prev--title\">CO2 stopa<\/span><\/span><\/a>\t\t\t<\/div>\n\t\t\t\t\t\t\t<div class=\"elementor-post-navigation__separator-wrapper\">\n\t\t\t\t\t<div class=\"elementor-post-navigation__separator\"><\/div>\n\t\t\t\t<\/div>\n\t\t\t\t\t\t<div class=\"elementor-post-navigation__next elementor-post-navigation__link\">\n\t\t\t\t<a href=\"https:\/\/grapos-softdrinks.sk\/index.php\/grapos-nealkoholicke-napoje\/\" rel=\"next\"><span class=\"elementor-post-navigation__link__next\"><span class=\"post-navigation__next--label\">\u010eal\u0161ia str\u00e1nka<\/span><span class=\"post-navigation__next--title\">Grapos nealkoholick\u00e9 n\u00e1poje<\/span><\/span><span class=\"post-navigation__arrow-wrapper post-navigation__arrow-next\"><i class=\"fa fa-arrow-circle-right\" aria-hidden=\"true\"><\/i><span class=\"elementor-screen-only\">Next<\/span><\/span><\/a>\t\t\t<\/div>\n\t\t<\/div>\n\t\t\t\t<\/div>\n\t\t\t\t<\/div>\n\t\t\t\t\t<\/div>\n\t\t\t\t<\/div>\n\t\t<div class=\"elementor-element elementor-element-a7c3c69 e-flex e-con-boxed e-con e-parent\" data-id=\"a7c3c69\" data-element_type=\"container\">\n\t\t\t\t\t<div class=\"e-con-inner\">\n\t\t<div class=\"elementor-element elementor-element-edda7ff e-con-full e-flex e-con e-child\" data-id=\"edda7ff\" data-element_type=\"container\">\n\t\t\t\t<div class=\"elementor-element elementor-element-10feca2 elementor-widget elementor-widget-image\" data-id=\"10feca2\" data-element_type=\"widget\" data-widget_type=\"image.default\">\n\t\t\t\t<div class=\"elementor-widget-container\">\n\t\t\t\t\t\t\t\t\t\t\t\t\t\t<a href=\"https:\/\/grapos-softdrinks.sk\/index.php\/grapos-nealkoholicke-napoje\/\">\n\t\t\t\t\t\t\t<img decoding=\"async\" width=\"150\" height=\"150\" src=\"https:\/\/grapos-softdrinks.sk\/wp-content\/uploads\/2024\/09\/BUTT_GR_Cola-150x150-2.png\" class=\"elementor-animation-pulse attachment-thumbnail size-thumbnail wp-image-475\" alt=\"\" \/>\t\t\t\t\t\t\t\t<\/a>\n\t\t\t\t\t\t\t\t\t\t\t\t\t<\/div>\n\t\t\t\t<\/div>\n\t\t\t\t<div class=\"elementor-element elementor-element-d5b7aa3 elementor-widget elementor-widget-heading\" data-id=\"d5b7aa3\" data-element_type=\"widget\" data-widget_type=\"heading.default\">\n\t\t\t\t<div class=\"elementor-widget-container\">\n\t\t\t<style>\/*! elementor - v3.23.0 - 05-08-2024 *\/\n.elementor-heading-title{padding:0;margin:0;line-height:1}.elementor-widget-heading .elementor-heading-title[class*=elementor-size-]>a{color:inherit;font-size:inherit;line-height:inherit}.elementor-widget-heading .elementor-heading-title.elementor-size-small{font-size:15px}.elementor-widget-heading .elementor-heading-title.elementor-size-medium{font-size:19px}.elementor-widget-heading .elementor-heading-title.elementor-size-large{font-size:29px}.elementor-widget-heading .elementor-heading-title.elementor-size-xl{font-size:39px}.elementor-widget-heading .elementor-heading-title.elementor-size-xxl{font-size:59px}<\/style><h2 class=\"elementor-heading-title elementor-size-default\"><a href=\"https:\/\/grapos-softdrinks.sk\/index.php\/grapos-nealkoholicke-napoje\/\">Grapos nealkoholick\u00e9 n\u00e1poje<\/a><\/h2>\t\t<\/div>\n\t\t\t\t<\/div>\n\t\t\t\t<\/div>\n\t\t<div class=\"elementor-element elementor-element-d9ee892 e-con-full e-flex e-con e-child\" data-id=\"d9ee892\" data-element_type=\"container\">\n\t\t\t\t<div class=\"elementor-element elementor-element-1a0a63c elementor-widget elementor-widget-image\" data-id=\"1a0a63c\" data-element_type=\"widget\" data-widget_type=\"image.default\">\n\t\t\t\t<div class=\"elementor-widget-container\">\n\t\t\t\t\t\t\t\t\t\t\t\t\t\t<a href=\"https:\/\/grapos-softdrinks.sk\/index.php\/grapos-bio-limonada\/\">\n\t\t\t\t\t\t\t<img decoding=\"async\" width=\"150\" height=\"150\" src=\"https:\/\/grapos-softdrinks.sk\/wp-content\/uploads\/2024\/09\/BIO_Orange-300x300-2-150x150.jpg\" class=\"elementor-animation-pulse attachment-thumbnail size-thumbnail wp-image-474\" alt=\"\" srcset=\"https:\/\/grapos-softdrinks.sk\/wp-content\/uploads\/2024\/09\/BIO_Orange-300x300-2-150x150.jpg 150w, https:\/\/grapos-softdrinks.sk\/wp-content\/uploads\/2024\/09\/BIO_Orange-300x300-2.jpg 300w\" sizes=\"(max-width: 150px) 100vw, 150px\" \/>\t\t\t\t\t\t\t\t<\/a>\n\t\t\t\t\t\t\t\t\t\t\t\t\t<\/div>\n\t\t\t\t<\/div>\n\t\t\t\t<div class=\"elementor-element elementor-element-3f4220b elementor-widget elementor-widget-heading\" data-id=\"3f4220b\" data-element_type=\"widget\" data-widget_type=\"heading.default\">\n\t\t\t\t<div class=\"elementor-widget-container\">\n\t\t\t<h2 class=\"elementor-heading-title elementor-size-default\"><a href=\"https:\/\/grapos-softdrinks.sk\/index.php\/grapos-bio-limonada\/\">Grapos BIO limon\u00e1da<\/a><\/h2>\t\t<\/div>\n\t\t\t\t<\/div>\n\t\t\t\t<\/div>\n\t\t<div class=\"elementor-element elementor-element-7c28ce2 e-con-full e-flex e-con e-child\" data-id=\"7c28ce2\" data-element_type=\"container\">\n\t\t\t\t<div class=\"elementor-element elementor-element-e245a75 elementor-widget elementor-widget-image\" data-id=\"e245a75\" data-element_type=\"widget\" data-widget_type=\"image.default\">\n\t\t\t\t<div class=\"elementor-widget-container\">\n\t\t\t\t\t\t\t\t\t\t\t\t\t\t<a href=\"https:\/\/grapos-softdrinks.sk\/index.php\/ranajkove-napoje-grapisun\/\">\n\t\t\t\t\t\t\t<img decoding=\"async\" width=\"150\" height=\"150\" src=\"https:\/\/grapos-softdrinks.sk\/wp-content\/uploads\/2024\/09\/Grapissan_Sortenlogo_Ananas_DE-1.jpg\" class=\"elementor-animation-pulse attachment-thumbnail size-thumbnail wp-image-477\" alt=\"\" \/>\t\t\t\t\t\t\t\t<\/a>\n\t\t\t\t\t\t\t\t\t\t\t\t\t<\/div>\n\t\t\t\t<\/div>\n\t\t\t\t<div class=\"elementor-element elementor-element-303d475 elementor-widget elementor-widget-heading\" data-id=\"303d475\" data-element_type=\"widget\" data-widget_type=\"heading.default\">\n\t\t\t\t<div class=\"elementor-widget-container\">\n\t\t\t<h2 class=\"elementor-heading-title elementor-size-default\"><a href=\"https:\/\/grapos-softdrinks.sk\/index.php\/ranajkove-napoje-grapisun\/\">Ra\u0148ajkov\u00e9 n\u00e1poje GrapiSan<\/a><\/h2>\t\t<\/div>\n\t\t\t\t<\/div>\n\t\t\t\t<\/div>\n\t\t\t\t\t<\/div>\n\t\t\t\t<\/div>\n\t\t<div class=\"elementor-element elementor-element-9d2f89c e-flex e-con-boxed e-con e-parent\" data-id=\"9d2f89c\" data-element_type=\"container\">\n\t\t\t\t\t<div class=\"e-con-inner\">\n\t\t<div class=\"elementor-element elementor-element-c39fade e-con-full e-flex e-con e-child\" data-id=\"c39fade\" data-element_type=\"container\">\n\t\t\t\t<div class=\"elementor-element elementor-element-fa36f34 elementor-widget elementor-widget-image\" data-id=\"fa36f34\" data-element_type=\"widget\" data-widget_type=\"image.default\">\n\t\t\t\t<div class=\"elementor-widget-container\">\n\t\t\t\t\t\t\t\t\t\t\t\t\t\t<a href=\"https:\/\/grapos-softdrinks.sk\/index.php\/wellness-napoje-grapivit\/\">\n\t\t\t\t\t\t\t<img loading=\"lazy\" decoding=\"async\" width=\"150\" height=\"150\" src=\"https:\/\/grapos-softdrinks.sk\/wp-content\/uploads\/2024\/09\/BUTT_GRVT_Lemon-300x300-2-150x150.png\" class=\"elementor-animation-pulse attachment-thumbnail size-thumbnail wp-image-476\" alt=\"\" srcset=\"https:\/\/grapos-softdrinks.sk\/wp-content\/uploads\/2024\/09\/BUTT_GRVT_Lemon-300x300-2-150x150.png 150w, https:\/\/grapos-softdrinks.sk\/wp-content\/uploads\/2024\/09\/BUTT_GRVT_Lemon-300x300-2.png 300w\" sizes=\"(max-width: 150px) 100vw, 150px\" \/>\t\t\t\t\t\t\t\t<\/a>\n\t\t\t\t\t\t\t\t\t\t\t\t\t<\/div>\n\t\t\t\t<\/div>\n\t\t\t\t<div class=\"elementor-element elementor-element-fce7826 elementor-widget elementor-widget-heading\" data-id=\"fce7826\" data-element_type=\"widget\" data-widget_type=\"heading.default\">\n\t\t\t\t<div class=\"elementor-widget-container\">\n\t\t\t<h2 class=\"elementor-heading-title elementor-size-default\"><a href=\"https:\/\/grapos-softdrinks.sk\/index.php\/wellness-napoje-grapivit\/\">Wellness n\u00e1poje GrapiVit<\/a><\/h2>\t\t<\/div>\n\t\t\t\t<\/div>\n\t\t\t\t<\/div>\n\t\t<div class=\"elementor-element elementor-element-11e4405 e-con-full e-flex e-con e-child\" data-id=\"11e4405\" data-element_type=\"container\">\n\t\t\t\t<div class=\"elementor-element elementor-element-0869c9c elementor-widget elementor-widget-image\" data-id=\"0869c9c\" data-element_type=\"widget\" data-widget_type=\"image.default\">\n\t\t\t\t<div class=\"elementor-widget-container\">\n\t\t\t\t\t\t\t\t\t\t\t\t\t\t<a href=\"https:\/\/grapos-softdrinks.sk\/index.php\/brooklynsky-domaci-styl\/\">\n\t\t\t\t\t\t\t<img loading=\"lazy\" decoding=\"async\" width=\"150\" height=\"150\" src=\"https:\/\/grapos-softdrinks.sk\/wp-content\/uploads\/2024\/09\/LP_GR_BYN_D_600x600_BioKirsche-1-150x150.png\" class=\"elementor-animation-pulse attachment-thumbnail size-thumbnail wp-image-478\" alt=\"\" srcset=\"https:\/\/grapos-softdrinks.sk\/wp-content\/uploads\/2024\/09\/LP_GR_BYN_D_600x600_BioKirsche-1-150x150.png 150w, https:\/\/grapos-softdrinks.sk\/wp-content\/uploads\/2024\/09\/LP_GR_BYN_D_600x600_BioKirsche-1-300x300.png 300w, https:\/\/grapos-softdrinks.sk\/wp-content\/uploads\/2024\/09\/LP_GR_BYN_D_600x600_BioKirsche-1.png 600w\" sizes=\"(max-width: 150px) 100vw, 150px\" \/>\t\t\t\t\t\t\t\t<\/a>\n\t\t\t\t\t\t\t\t\t\t\t\t\t<\/div>\n\t\t\t\t<\/div>\n\t\t\t\t<div class=\"elementor-element elementor-element-0f684af elementor-widget elementor-widget-heading\" data-id=\"0f684af\" data-element_type=\"widget\" data-widget_type=\"heading.default\">\n\t\t\t\t<div class=\"elementor-widget-container\">\n\t\t\t<h2 class=\"elementor-heading-title elementor-size-default\"><a href=\"https:\/\/grapos-softdrinks.sk\/index.php\/brooklynsky-domaci-styl\/\">Brooklynsky \"dom\u00e1ci st\u00fdl\"<\/a><\/h2>\t\t<\/div>\n\t\t\t\t<\/div>\n\t\t\t\t<\/div>\n\t\t<div class=\"elementor-element elementor-element-dcd4658 e-con-full e-flex e-con e-child\" data-id=\"dcd4658\" data-element_type=\"container\">\n\t\t\t\t<div class=\"elementor-element elementor-element-e95bec7 elementor-widget elementor-widget-image\" data-id=\"e95bec7\" data-element_type=\"widget\" data-widget_type=\"image.default\">\n\t\t\t\t<div class=\"elementor-widget-container\">\n\t\t\t\t\t\t\t\t\t\t\t\t\t\t<a href=\"https:\/\/grapos-softdrinks.sk\/index.php\/brooklynske-bio-stavy\/\">\n\t\t\t\t\t\t\t<img loading=\"lazy\" decoding=\"async\" width=\"150\" height=\"150\" src=\"https:\/\/grapos-softdrinks.sk\/wp-content\/uploads\/2024\/09\/LP_GR_BYN_D_600x600_VitWasser-2-150x150.png\" class=\"elementor-animation-pulse attachment-thumbnail size-thumbnail wp-image-479\" alt=\"\" srcset=\"https:\/\/grapos-softdrinks.sk\/wp-content\/uploads\/2024\/09\/LP_GR_BYN_D_600x600_VitWasser-2-150x150.png 150w, https:\/\/grapos-softdrinks.sk\/wp-content\/uploads\/2024\/09\/LP_GR_BYN_D_600x600_VitWasser-2-300x300.png 300w, https:\/\/grapos-softdrinks.sk\/wp-content\/uploads\/2024\/09\/LP_GR_BYN_D_600x600_VitWasser-2.png 600w\" sizes=\"(max-width: 150px) 100vw, 150px\" \/>\t\t\t\t\t\t\t\t<\/a>\n\t\t\t\t\t\t\t\t\t\t\t\t\t<\/div>\n\t\t\t\t<\/div>\n\t\t\t\t<div class=\"elementor-element elementor-element-1b6a01b elementor-widget elementor-widget-heading\" data-id=\"1b6a01b\" data-element_type=\"widget\" data-widget_type=\"heading.default\">\n\t\t\t\t<div class=\"elementor-widget-container\">\n\t\t\t<h2 class=\"elementor-heading-title elementor-size-default\"><a href=\"https:\/\/grapos-softdrinks.sk\/index.php\/brooklynske-bio-stavy\/\">Brooklynsk\u00e9 BIO \u0161\u0165avy<\/a><\/h2>\t\t<\/div>\n\t\t\t\t<\/div>\n\t\t\t\t<\/div>\n\t\t\t\t\t<\/div>\n\t\t\t\t<\/div>\n\t\t\t\t<\/div>\n\t\t","protected":false},"excerpt":{"rendered":"<p>Grapos nealkoholick\u00e9 n\u00e1poje Grapos BIO limon\u00e1da Ra\u0148ajkov\u00e9 n\u00e1poje GrapiSan Wellness n\u00e1poje GrapiVit Brooklynsky &#8222;dom\u00e1ci st\u00fdl&#8220; Brooklynsk\u00e9 BIO \u0161\u0165avy<\/p>\n","protected":false},"author":1,"featured_media":0,"parent":0,"menu_order":0,"comment_status":"closed","ping_status":"closed","template":"elementor_header_footer","meta":{"footnotes":""},"class_list":["post-108","page","type-page","status-publish","hentry","entry"],"_links":{"self":[{"href":"https:\/\/grapos-softdrinks.sk\/index.php\/wp-json\/wp\/v2\/pages\/108","targetHints":{"allow":["GET"]}}],"collection":[{"href":"https:\/\/grapos-softdrinks.sk\/index.php\/wp-json\/wp\/v2\/pages"}],"about":[{"href":"https:\/\/grapos-softdrinks.sk\/index.php\/wp-json\/wp\/v2\/types\/page"}],"author":[{"embeddable":true,"href":"https:\/\/grapos-softdrinks.sk\/index.php\/wp-json\/wp\/v2\/users\/1"}],"replies":[{"embeddable":true,"href":"https:\/\/grapos-softdrinks.sk\/index.php\/wp-json\/wp\/v2\/comments?post=108"}],"version-history":[{"count":28,"href":"https:\/\/grapos-softdrinks.sk\/index.php\/wp-json\/wp\/v2\/pages\/108\/revisions"}],"predecessor-version":[{"id":1385,"href":"https:\/\/grapos-softdrinks.sk\/index.php\/wp-json\/wp\/v2\/pages\/108\/revisions\/1385"}],"wp:attachment":[{"href":"https:\/\/grapos-softdrinks.sk\/index.php\/wp-json\/wp\/v2\/media?parent=108"}],"curies":[{"name":"wp","href":"https:\/\/api.w.org\/{rel}","templated":true}]}}