{"id":530,"date":"2024-09-24T22:48:57","date_gmt":"2024-09-24T22:48:57","guid":{"rendered":"https:\/\/grapos-softdrinks.sk\/?page_id=530"},"modified":"2024-09-28T10:18:56","modified_gmt":"2024-09-28T10:18:56","slug":"pocitacove-davkovacie-systemy","status":"publish","type":"page","link":"https:\/\/grapos-softdrinks.sk\/index.php\/pocitacove-davkovacie-systemy\/","title":{"rendered":"Po\u010d\u00edta\u010dov\u00e9 d\u00e1vkovacie syst\u00e9my"},"content":{"rendered":"\t\t<div data-elementor-type=\"wp-page\" data-elementor-id=\"530\" class=\"elementor elementor-530\" data-elementor-post-type=\"page\">\n\t\t\t\t<div class=\"elementor-element elementor-element-9edc90d e-flex e-con-boxed e-con e-parent\" data-id=\"9edc90d\" data-element_type=\"container\">\n\t\t\t\t\t<div class=\"e-con-inner\">\n\t\t\t\t<div class=\"elementor-element elementor-element-8fb05f2 elementor-post-navigation-borders-yes elementor-widget elementor-widget-post-navigation\" data-id=\"8fb05f2\" data-element_type=\"widget\" data-widget_type=\"post-navigation.default\">\n\t\t\t\t<div class=\"elementor-widget-container\">\n\t\t\t<link rel=\"stylesheet\" href=\"https:\/\/grapos-softdrinks.sk\/wp-content\/plugins\/elementor-pro\/assets\/css\/widget-theme-elements.min.css?ver=1729962869\">\t\t<div class=\"elementor-post-navigation\">\n\t\t\t<div class=\"elementor-post-navigation__prev elementor-post-navigation__link\">\n\t\t\t\t<a href=\"https:\/\/grapos-softdrinks.sk\/index.php\/vydajne-zariadenia\/\" rel=\"prev\"><span class=\"post-navigation__arrow-wrapper post-navigation__arrow-prev\"><i class=\"fa fa-arrow-circle-left\" aria-hidden=\"true\"><\/i><span class=\"elementor-screen-only\">Prev<\/span><\/span><span class=\"elementor-post-navigation__link__prev\"><span class=\"post-navigation__prev--label\">Predch\u00e1dzaj\u00faca str\u00e1nka<\/span><span class=\"post-navigation__prev--title\">V\u00fddajn\u00e9 zariadenia<\/span><\/span><\/a>\t\t\t<\/div>\n\t\t\t\t\t\t\t<div class=\"elementor-post-navigation__separator-wrapper\">\n\t\t\t\t\t<div class=\"elementor-post-navigation__separator\"><\/div>\n\t\t\t\t<\/div>\n\t\t\t\t\t\t<div class=\"elementor-post-navigation__next elementor-post-navigation__link\">\n\t\t\t\t<a href=\"https:\/\/grapos-softdrinks.sk\/index.php\/technologia-grapisun\/\" rel=\"next\"><span class=\"elementor-post-navigation__link__next\"><span class=\"post-navigation__next--label\">\u010eal\u0161ia str\u00e1nka<\/span><span class=\"post-navigation__next--title\">Technol\u00f3gia GrapiSun<\/span><\/span><span class=\"post-navigation__arrow-wrapper post-navigation__arrow-next\"><i class=\"fa fa-arrow-circle-right\" aria-hidden=\"true\"><\/i><span class=\"elementor-screen-only\">Next<\/span><\/span><\/a>\t\t\t<\/div>\n\t\t<\/div>\n\t\t\t\t<\/div>\n\t\t\t\t<\/div>\n\t\t\t\t\t<\/div>\n\t\t\t\t<\/div>\n\t\t<div class=\"elementor-element elementor-element-e82743f e-flex e-con-boxed e-con e-parent\" data-id=\"e82743f\" data-element_type=\"container\">\n\t\t\t\t\t<div class=\"e-con-inner\">\n\t\t<div class=\"elementor-element elementor-element-c9a41e0 e-con-full e-flex e-con e-child\" data-id=\"c9a41e0\" data-element_type=\"container\">\n\t\t\t\t<div class=\"elementor-element elementor-element-06ccfe4 elementor-widget elementor-widget-heading\" data-id=\"06ccfe4\" data-element_type=\"widget\" data-widget_type=\"heading.default\">\n\t\t\t\t<div class=\"elementor-widget-container\">\n\t\t\t<style>\/*! elementor - v3.23.0 - 05-08-2024 *\/\n.elementor-heading-title{padding:0;margin:0;line-height:1}.elementor-widget-heading .elementor-heading-title[class*=elementor-size-]>a{color:inherit;font-size:inherit;line-height:inherit}.elementor-widget-heading .elementor-heading-title.elementor-size-small{font-size:15px}.elementor-widget-heading .elementor-heading-title.elementor-size-medium{font-size:19px}.elementor-widget-heading .elementor-heading-title.elementor-size-large{font-size:29px}.elementor-widget-heading .elementor-heading-title.elementor-size-xl{font-size:39px}.elementor-widget-heading .elementor-heading-title.elementor-size-xxl{font-size:59px}<\/style><h2 class=\"elementor-heading-title elementor-size-default\">Schankomat Origin\u00e1l \u2013 viac ne\u017e len \u010dapovacia stanica<\/h2>\t\t<\/div>\n\t\t\t\t<\/div>\n\t\t\t\t<div class=\"elementor-element elementor-element-dc311a2 elementor-widget elementor-widget-text-editor\" data-id=\"dc311a2\" data-element_type=\"widget\" data-widget_type=\"text-editor.default\">\n\t\t\t\t<div class=\"elementor-widget-container\">\n\t\t\t<style>\/*! elementor - v3.23.0 - 05-08-2024 *\/\n.elementor-widget-text-editor.elementor-drop-cap-view-stacked .elementor-drop-cap{background-color:#69727d;color:#fff}.elementor-widget-text-editor.elementor-drop-cap-view-framed .elementor-drop-cap{color:#69727d;border:3px solid;background-color:transparent}.elementor-widget-text-editor:not(.elementor-drop-cap-view-default) .elementor-drop-cap{margin-top:8px}.elementor-widget-text-editor:not(.elementor-drop-cap-view-default) .elementor-drop-cap-letter{width:1em;height:1em}.elementor-widget-text-editor .elementor-drop-cap{float:left;text-align:center;line-height:1;font-size:50px}.elementor-widget-text-editor .elementor-drop-cap-letter{display:inline-block}<\/style>\t\t\t\t<p>Produktov\u00e1 l\u00ednia \u201eOriginal Schankomat\u201c \u2013 Avantgarde pon\u00faka okrem charakteristick\u00e9ho vzh\u013eadu produktovej rodiny aj potrebn\u00e9 doplnkov\u00e9 zariadenia na registr\u00e1ciu v gastron\u00f3mii.<\/p>\t\t\t\t\t\t<\/div>\n\t\t\t\t<\/div>\n\t\t\t\t<\/div>\n\t\t\t\t\t<\/div>\n\t\t\t\t<\/div>\n\t\t<div class=\"elementor-element elementor-element-c3bcab0 e-flex e-con-boxed e-con e-parent\" data-id=\"c3bcab0\" data-element_type=\"container\">\n\t\t\t\t\t<div class=\"e-con-inner\">\n\t\t<div class=\"elementor-element elementor-element-e36a2d7 e-con-full e-flex e-con e-child\" data-id=\"e36a2d7\" data-element_type=\"container\">\n\t\t\t\t<div class=\"elementor-element elementor-element-03bfa04 elementor-widget elementor-widget-heading\" data-id=\"03bfa04\" data-element_type=\"widget\" data-widget_type=\"heading.default\">\n\t\t\t\t<div class=\"elementor-widget-container\">\n\t\t\t<h2 class=\"elementor-heading-title elementor-size-default\">Schankomat\nAvantgarde l\u00ednia<\/h2>\t\t<\/div>\n\t\t\t\t<\/div>\n\t\t\t\t<div class=\"elementor-element elementor-element-58ca8f7 elementor-widget elementor-widget-text-editor\" data-id=\"58ca8f7\" data-element_type=\"widget\" data-widget_type=\"text-editor.default\">\n\t\t\t\t<div class=\"elementor-widget-container\">\n\t\t\t\t\t\t\t<ul><li>Schankomat C2006<\/li><li>Schankomat C2008<\/li><li>Schankomat C2010<\/li><li>Schankomat C2012<\/li><\/ul>\t\t\t\t\t\t<\/div>\n\t\t\t\t<\/div>\n\t\t\t\t<div class=\"elementor-element elementor-element-8c6db1a elementor-widget elementor-widget-text-editor\" data-id=\"8c6db1a\" data-element_type=\"widget\" data-widget_type=\"text-editor.default\">\n\t\t\t\t<div class=\"elementor-widget-container\">\n\t\t\t\t\t\t\t<p>\u010capovacie hlavy \u201eOriginal Schankomat\u201c pre \u010dapovanie z otvoren\u00fdch n\u00e1dob sa \u0161tandardne vyr\u00e1baj\u00fa ako zariadenia s 6, 8, 10 alebo 12 v\u00fdvodmi. \u010capovanie piva sa d\u00e1 realizova\u0165 bu\u010f cez v\u00fd\u010dapn\u00fa hlavu, alebo cez \u0161t\u00fdlov\u00fd pivn\u00fd st\u013ap. Integrovan\u00e9 ovl\u00e1danie zabezpe\u010duje najvy\u0161\u0161iu mo\u017en\u00fa bezpe\u010dnos\u0165 a kompatibilitu s takmer v\u0161etk\u00fdmi pokladni\u010dn\u00fdmi syst\u00e9mami.<\/p>\t\t\t\t\t\t<\/div>\n\t\t\t\t<\/div>\n\t\t\t\t<\/div>\n\t\t<div class=\"elementor-element elementor-element-c7d9c82 e-con-full e-flex e-con e-child\" data-id=\"c7d9c82\" data-element_type=\"container\">\n\t\t\t\t<div class=\"elementor-element elementor-element-44c4d21 elementor-widget elementor-widget-image\" data-id=\"44c4d21\" data-element_type=\"widget\" data-widget_type=\"image.default\">\n\t\t\t\t<div class=\"elementor-widget-container\">\n\t\t\t\t\t\t\t\t\t\t\t\t\t<img fetchpriority=\"high\" decoding=\"async\" width=\"266\" height=\"300\" src=\"https:\/\/grapos-softdrinks.sk\/wp-content\/uploads\/2024\/09\/Schankomat_Avantgarde-266x300-1.jpg\" class=\"attachment-medium size-medium wp-image-644\" alt=\"\" \/>\t\t\t\t\t\t\t\t\t\t\t\t\t<\/div>\n\t\t\t\t<\/div>\n\t\t\t\t<\/div>\n\t\t\t\t\t<\/div>\n\t\t\t\t<\/div>\n\t\t<div class=\"elementor-element elementor-element-9e78016 e-flex e-con-boxed e-con e-parent\" data-id=\"9e78016\" data-element_type=\"container\">\n\t\t\t\t\t<div class=\"e-con-inner\">\n\t\t<div class=\"elementor-element elementor-element-addac29 e-con-full e-flex e-con e-child\" data-id=\"addac29\" data-element_type=\"container\">\n\t\t\t\t<div class=\"elementor-element elementor-element-09972a7 elementor-widget elementor-widget-heading\" data-id=\"09972a7\" data-element_type=\"widget\" data-widget_type=\"heading.default\">\n\t\t\t\t<div class=\"elementor-widget-container\">\n\t\t\t<h2 class=\"elementor-heading-title elementor-size-default\">Schankomat\nTouch l\u00ednia<\/h2>\t\t<\/div>\n\t\t\t\t<\/div>\n\t\t\t\t<div class=\"elementor-element elementor-element-08a0d15 elementor-widget elementor-widget-text-editor\" data-id=\"08a0d15\" data-element_type=\"widget\" data-widget_type=\"text-editor.default\">\n\t\t\t\t<div class=\"elementor-widget-container\">\n\t\t\t\t\t\t\t<ul><li>Touch-Cocktailer<\/li><\/ul>\t\t\t\t\t\t<\/div>\n\t\t\t\t<\/div>\n\t\t\t\t<div class=\"elementor-element elementor-element-b470976 elementor-widget elementor-widget-text-editor\" data-id=\"b470976\" data-element_type=\"widget\" data-widget_type=\"text-editor.default\">\n\t\t\t\t<div class=\"elementor-widget-container\">\n\t\t\t\t\t\t\t<p>\u201eOriginal Schankomat\u201c \u2013 Touch-Cocktailer d\u00e1vkuje \u013eubovo\u013en\u00fd po\u010det r\u00f4znych kokteilov (viac ne\u017e 1000) priamo do mie\u0161acej sklenenej n\u00e1doby alebo shakeru. Jednoduch\u00e1 obsluha, konzistentn\u00e1 kvalita a v\u00fdkonnos\u0165 s\u00fa charakteristick\u00e9 pre toto \u010dapovacie zariadenie.<\/p>\t\t\t\t\t\t<\/div>\n\t\t\t\t<\/div>\n\t\t\t\t<\/div>\n\t\t<div class=\"elementor-element elementor-element-9982d04 e-con-full e-flex e-con e-child\" data-id=\"9982d04\" data-element_type=\"container\">\n\t\t\t\t<div class=\"elementor-element elementor-element-4b8c10c elementor-widget elementor-widget-image\" data-id=\"4b8c10c\" data-element_type=\"widget\" data-widget_type=\"image.default\">\n\t\t\t\t<div class=\"elementor-widget-container\">\n\t\t\t\t\t\t\t\t\t\t\t\t\t<img decoding=\"async\" width=\"200\" height=\"150\" src=\"https:\/\/grapos-softdrinks.sk\/wp-content\/uploads\/2024\/09\/Schankomat_Cocktailer.png\" class=\"attachment-medium size-medium wp-image-646\" alt=\"\" \/>\t\t\t\t\t\t\t\t\t\t\t\t\t<\/div>\n\t\t\t\t<\/div>\n\t\t\t\t<\/div>\n\t\t\t\t\t<\/div>\n\t\t\t\t<\/div>\n\t\t<div class=\"elementor-element elementor-element-e6a0b33 e-flex e-con-boxed e-con e-parent\" data-id=\"e6a0b33\" data-element_type=\"container\">\n\t\t\t\t\t<div class=\"e-con-inner\">\n\t\t<div class=\"elementor-element elementor-element-8b1131f e-con-full e-flex e-con e-child\" data-id=\"8b1131f\" data-element_type=\"container\">\n\t\t\t\t<div class=\"elementor-element elementor-element-8de3edc elementor-widget elementor-widget-heading\" data-id=\"8de3edc\" data-element_type=\"widget\" data-widget_type=\"heading.default\">\n\t\t\t\t<div class=\"elementor-widget-container\">\n\t\t\t<h2 class=\"elementor-heading-title elementor-size-default\">Schankomat\nAvantgarde l\u00ednia<\/h2>\t\t<\/div>\n\t\t\t\t<\/div>\n\t\t\t\t<div class=\"elementor-element elementor-element-4f74909 elementor-widget elementor-widget-text-editor\" data-id=\"4f74909\" data-element_type=\"widget\" data-widget_type=\"text-editor.default\">\n\t\t\t\t<div class=\"elementor-widget-container\">\n\t\t\t\t\t\t\t<ul><li>Barov\u00e1 pi\u0161tol<\/li><\/ul>\t\t\t\t\t\t<\/div>\n\t\t\t\t<\/div>\n\t\t\t\t<div class=\"elementor-element elementor-element-b4705ae elementor-widget elementor-widget-text-editor\" data-id=\"b4705ae\" data-element_type=\"widget\" data-widget_type=\"text-editor.default\">\n\t\t\t\t<div class=\"elementor-widget-container\">\n\t\t\t\t\t\t\t<p>\u201eOriginal Schankomat\u201c \u2013 D\u00e1vkovacia pi\u0161tol na liehoviny je jednoduch\u00fdm doplnkom pre bar. Ako doplnkov\u00e9 zariadenie poskytuje d\u00e1vkovacia pi\u0161tol maxim\u00e1lnu flexibilitu.<\/p>\t\t\t\t\t\t<\/div>\n\t\t\t\t<\/div>\n\t\t\t\t<\/div>\n\t\t<div class=\"elementor-element elementor-element-00e8c1f e-con-full e-flex e-con e-child\" data-id=\"00e8c1f\" data-element_type=\"container\">\n\t\t\t\t<div class=\"elementor-element elementor-element-a9683c3 elementor-widget elementor-widget-image\" data-id=\"a9683c3\" data-element_type=\"widget\" data-widget_type=\"image.default\">\n\t\t\t\t<div class=\"elementor-widget-container\">\n\t\t\t\t\t\t\t\t\t\t\t\t\t<img decoding=\"async\" width=\"300\" height=\"225\" src=\"https:\/\/grapos-softdrinks.sk\/wp-content\/uploads\/2024\/09\/Schankomat_Zapfpistole-300x225.jpg\" class=\"attachment-medium size-medium wp-image-651\" alt=\"\" srcset=\"https:\/\/grapos-softdrinks.sk\/wp-content\/uploads\/2024\/09\/Schankomat_Zapfpistole-300x225.jpg 300w, https:\/\/grapos-softdrinks.sk\/wp-content\/uploads\/2024\/09\/Schankomat_Zapfpistole-768x576.jpg 768w, https:\/\/grapos-softdrinks.sk\/wp-content\/uploads\/2024\/09\/Schankomat_Zapfpistole.jpg 800w\" sizes=\"(max-width: 300px) 100vw, 300px\" \/>\t\t\t\t\t\t\t\t\t\t\t\t\t<\/div>\n\t\t\t\t<\/div>\n\t\t\t\t<\/div>\n\t\t\t\t\t<\/div>\n\t\t\t\t<\/div>\n\t\t<div class=\"elementor-element elementor-element-35fe0eb e-flex e-con-boxed e-con e-parent\" data-id=\"35fe0eb\" data-element_type=\"container\">\n\t\t\t\t\t<div class=\"e-con-inner\">\n\t\t<div class=\"elementor-element elementor-element-d205b13 e-con-full e-flex e-con e-child\" data-id=\"d205b13\" data-element_type=\"container\">\n\t\t\t\t<div class=\"elementor-element elementor-element-aa48fcb elementor-widget elementor-widget-heading\" data-id=\"aa48fcb\" data-element_type=\"widget\" data-widget_type=\"heading.default\">\n\t\t\t\t<div class=\"elementor-widget-container\">\n\t\t\t<h2 class=\"elementor-heading-title elementor-size-default\">Schankomat\nAvantgarde l\u00ednia<\/h2>\t\t<\/div>\n\t\t\t\t<\/div>\n\t\t\t\t<div class=\"elementor-element elementor-element-35f5789 elementor-widget elementor-widget-text-editor\" data-id=\"35f5789\" data-element_type=\"widget\" data-widget_type=\"text-editor.default\">\n\t\t\t\t<div class=\"elementor-widget-container\">\n\t\t\t\t\t\t\t<ul><li>Spiritmaster<\/li><\/ul>\t\t\t\t\t\t<\/div>\n\t\t\t\t<\/div>\n\t\t\t\t<div class=\"elementor-element elementor-element-88175a2 elementor-widget elementor-widget-text-editor\" data-id=\"88175a2\" data-element_type=\"widget\" data-widget_type=\"text-editor.default\">\n\t\t\t\t<div class=\"elementor-widget-container\">\n\t\t\t\t\t\t\t<p>\u201eOriginal Schankomat\u201c \u2013 Spiritmaster je jedine\u010dn\u00e9 rie\u0161enie od Grapos-Schankomat pre kontrolovan\u00e9 d\u00e1vkovanie liehov\u00edn. F\u013ea\u0161e, ktor\u00e9 sa nikdy nevypr\u00e1zdnia!<\/p>\t\t\t\t\t\t<\/div>\n\t\t\t\t<\/div>\n\t\t\t\t<\/div>\n\t\t<div class=\"elementor-element elementor-element-ab53562 e-con-full e-flex e-con e-child\" data-id=\"ab53562\" data-element_type=\"container\">\n\t\t\t\t<div class=\"elementor-element elementor-element-1421ee6 elementor-widget elementor-widget-image\" data-id=\"1421ee6\" data-element_type=\"widget\" data-widget_type=\"image.default\">\n\t\t\t\t<div class=\"elementor-widget-container\">\n\t\t\t\t\t\t\t\t\t\t\t\t\t<img loading=\"lazy\" decoding=\"async\" width=\"300\" height=\"225\" src=\"https:\/\/grapos-softdrinks.sk\/wp-content\/uploads\/2024\/09\/Schankomat_Spiritmaster1-300x225.jpg\" class=\"attachment-medium size-medium wp-image-648\" alt=\"\" srcset=\"https:\/\/grapos-softdrinks.sk\/wp-content\/uploads\/2024\/09\/Schankomat_Spiritmaster1-300x225.jpg 300w, https:\/\/grapos-softdrinks.sk\/wp-content\/uploads\/2024\/09\/Schankomat_Spiritmaster1-768x576.jpg 768w, https:\/\/grapos-softdrinks.sk\/wp-content\/uploads\/2024\/09\/Schankomat_Spiritmaster1.jpg 800w\" sizes=\"(max-width: 300px) 100vw, 300px\" \/>\t\t\t\t\t\t\t\t\t\t\t\t\t<\/div>\n\t\t\t\t<\/div>\n\t\t\t\t<\/div>\n\t\t\t\t\t<\/div>\n\t\t\t\t<\/div>\n\t\t<div class=\"elementor-element elementor-element-f6dfccd e-flex e-con-boxed e-con e-parent\" data-id=\"f6dfccd\" data-element_type=\"container\">\n\t\t\t\t\t<div class=\"e-con-inner\">\n\t\t<div class=\"elementor-element elementor-element-1d0ba4c e-con-full e-flex e-con e-child\" data-id=\"1d0ba4c\" data-element_type=\"container\">\n\t\t\t\t<div class=\"elementor-element elementor-element-5cccad6 elementor-widget elementor-widget-heading\" data-id=\"5cccad6\" data-element_type=\"widget\" data-widget_type=\"heading.default\">\n\t\t\t\t<div class=\"elementor-widget-container\">\n\t\t\t<h2 class=\"elementor-heading-title elementor-size-default\">Schankomat\nAvantgarde l\u00ednia<\/h2>\t\t<\/div>\n\t\t\t\t<\/div>\n\t\t\t\t<div class=\"elementor-element elementor-element-4199700 elementor-widget elementor-widget-text-editor\" data-id=\"4199700\" data-element_type=\"widget\" data-widget_type=\"text-editor.default\">\n\t\t\t\t<div class=\"elementor-widget-container\">\n\t\t\t\t\t\t\t<ul><li>TABC<\/li><\/ul>\t\t\t\t\t\t<\/div>\n\t\t\t\t<\/div>\n\t\t\t\t<div class=\"elementor-element elementor-element-925ae11 elementor-widget elementor-widget-text-editor\" data-id=\"925ae11\" data-element_type=\"widget\" data-widget_type=\"text-editor.default\">\n\t\t\t\t<div class=\"elementor-widget-container\">\n\t\t\t\t\t\t\t<p>\u201eOriginal Schankomat\u201c \u2013 TABC syst\u00e9m kontroluje \u010dapovanie v\u00edna a liehov\u00edn z flia\u0161. Jednoduch\u00e9, praktick\u00e9 a funk\u010dn\u00e9!<\/p>\t\t\t\t\t\t<\/div>\n\t\t\t\t<\/div>\n\t\t\t\t<\/div>\n\t\t<div class=\"elementor-element elementor-element-1e15b99 e-con-full e-flex e-con e-child\" data-id=\"1e15b99\" data-element_type=\"container\">\n\t\t\t\t<div class=\"elementor-element elementor-element-350eb37 elementor-widget elementor-widget-image\" data-id=\"350eb37\" data-element_type=\"widget\" data-widget_type=\"image.default\">\n\t\t\t\t<div class=\"elementor-widget-container\">\n\t\t\t\t\t\t\t\t\t\t\t\t\t<img loading=\"lazy\" decoding=\"async\" width=\"300\" height=\"225\" src=\"https:\/\/grapos-softdrinks.sk\/wp-content\/uploads\/2024\/09\/Schankomat_TABC-300x225-1.jpg\" class=\"attachment-medium size-medium wp-image-649\" alt=\"\" \/>\t\t\t\t\t\t\t\t\t\t\t\t\t<\/div>\n\t\t\t\t<\/div>\n\t\t\t\t<\/div>\n\t\t\t\t\t<\/div>\n\t\t\t\t<\/div>\n\t\t<div class=\"elementor-element elementor-element-82c9a4e e-flex e-con-boxed e-con e-parent\" data-id=\"82c9a4e\" data-element_type=\"container\">\n\t\t\t\t\t<div class=\"e-con-inner\">\n\t\t<div class=\"elementor-element elementor-element-2145945 e-con-full e-flex e-con e-child\" data-id=\"2145945\" data-element_type=\"container\">\n\t\t\t\t<div class=\"elementor-element elementor-element-ccd256d elementor-widget elementor-widget-heading\" data-id=\"ccd256d\" data-element_type=\"widget\" data-widget_type=\"heading.default\">\n\t\t\t\t<div class=\"elementor-widget-container\">\n\t\t\t<h2 class=\"elementor-heading-title elementor-size-default\">Schankomat\nAvantgarde l\u00ednia<\/h2>\t\t<\/div>\n\t\t\t\t<\/div>\n\t\t\t\t<div class=\"elementor-element elementor-element-93bf5af elementor-widget elementor-widget-text-editor\" data-id=\"93bf5af\" data-element_type=\"widget\" data-widget_type=\"text-editor.default\">\n\t\t\t\t<div class=\"elementor-widget-container\">\n\t\t\t\t\t\t\t<ul><li>Bottle Lock<\/li><\/ul>\t\t\t\t\t\t<\/div>\n\t\t\t\t<\/div>\n\t\t\t\t<div class=\"elementor-element elementor-element-a9eafde elementor-widget elementor-widget-text-editor\" data-id=\"a9eafde\" data-element_type=\"widget\" data-widget_type=\"text-editor.default\">\n\t\t\t\t<div class=\"elementor-widget-container\">\n\t\t\t\t\t\t\t<p>\u201eOriginal Schankomat\u201c \u2013 Bottle Lock syst\u00e9m registruje f\u013ea\u0161kov\u00fd tovar. \u0160peci\u00e1lne uz\u00e1verov\u00e9 vrchn\u00e1ky s\u00fa k dispoz\u00edcii pre takmer v\u0161etky typy flia\u0161.<\/p>\t\t\t\t\t\t<\/div>\n\t\t\t\t<\/div>\n\t\t\t\t<\/div>\n\t\t<div class=\"elementor-element elementor-element-b8a3510 e-con-full e-flex e-con e-child\" data-id=\"b8a3510\" data-element_type=\"container\">\n\t\t\t\t<div class=\"elementor-element elementor-element-d7cee38 elementor-widget elementor-widget-image\" data-id=\"d7cee38\" data-element_type=\"widget\" data-widget_type=\"image.default\">\n\t\t\t\t<div class=\"elementor-widget-container\">\n\t\t\t\t\t\t\t\t\t\t\t\t\t<img loading=\"lazy\" decoding=\"async\" width=\"300\" height=\"225\" src=\"https:\/\/grapos-softdrinks.sk\/wp-content\/uploads\/2024\/09\/Schankomat_BottleLock-300x225-2.jpg\" class=\"attachment-medium size-medium wp-image-645\" alt=\"\" \/>\t\t\t\t\t\t\t\t\t\t\t\t\t<\/div>\n\t\t\t\t<\/div>\n\t\t\t\t<\/div>\n\t\t\t\t\t<\/div>\n\t\t\t\t<\/div>\n\t\t\t\t<\/div>\n\t\t","protected":false},"excerpt":{"rendered":"<p>Schankomat Origin\u00e1l \u2013 viac ne\u017e len \u010dapovacia stanica Produktov\u00e1 l\u00ednia \u201eOriginal Schankomat\u201c \u2013 Avantgarde pon\u00faka okrem charakteristick\u00e9ho vzh\u013eadu produktovej rodiny aj potrebn\u00e9 doplnkov\u00e9 zariadenia na registr\u00e1ciu v gastron\u00f3mii. Schankomat Avantgarde l\u00ednia Schankomat C2006 Schankomat C2008 Schankomat C2010 Schankomat C2012 \u010capovacie hlavy \u201eOriginal Schankomat\u201c pre \u010dapovanie z otvoren\u00fdch n\u00e1dob sa \u0161tandardne vyr\u00e1baj\u00fa ako zariadenia s 6, [&hellip;]<\/p>\n","protected":false},"author":1,"featured_media":0,"parent":0,"menu_order":0,"comment_status":"closed","ping_status":"closed","template":"elementor_header_footer","meta":{"footnotes":""},"class_list":["post-530","page","type-page","status-publish","hentry","entry"],"_links":{"self":[{"href":"https:\/\/grapos-softdrinks.sk\/index.php\/wp-json\/wp\/v2\/pages\/530","targetHints":{"allow":["GET"]}}],"collection":[{"href":"https:\/\/grapos-softdrinks.sk\/index.php\/wp-json\/wp\/v2\/pages"}],"about":[{"href":"https:\/\/grapos-softdrinks.sk\/index.php\/wp-json\/wp\/v2\/types\/page"}],"author":[{"embeddable":true,"href":"https:\/\/grapos-softdrinks.sk\/index.php\/wp-json\/wp\/v2\/users\/1"}],"replies":[{"embeddable":true,"href":"https:\/\/grapos-softdrinks.sk\/index.php\/wp-json\/wp\/v2\/comments?post=530"}],"version-history":[{"count":40,"href":"https:\/\/grapos-softdrinks.sk\/index.php\/wp-json\/wp\/v2\/pages\/530\/revisions"}],"predecessor-version":[{"id":1007,"href":"https:\/\/grapos-softdrinks.sk\/index.php\/wp-json\/wp\/v2\/pages\/530\/revisions\/1007"}],"wp:attachment":[{"href":"https:\/\/grapos-softdrinks.sk\/index.php\/wp-json\/wp\/v2\/media?parent=530"}],"curies":[{"name":"wp","href":"https:\/\/api.w.org\/{rel}","templated":true}]}}