{"id":538,"date":"2024-09-27T23:50:08","date_gmt":"2024-09-27T23:50:08","guid":{"rendered":"https:\/\/grapos-softdrinks.sk\/?page_id=538"},"modified":"2024-11-06T22:24:42","modified_gmt":"2024-11-06T22:24:42","slug":"brooklynska-bio-technologia","status":"publish","type":"page","link":"https:\/\/grapos-softdrinks.sk\/index.php\/brooklynska-bio-technologia\/","title":{"rendered":"Brooklynsk\u00e1 BIO technol\u00f3gia"},"content":{"rendered":"\t\t<div data-elementor-type=\"wp-page\" data-elementor-id=\"538\" class=\"elementor elementor-538\" data-elementor-post-type=\"page\">\n\t\t\t\t<div class=\"elementor-element elementor-element-283d167 e-flex e-con-boxed e-con e-parent\" data-id=\"283d167\" data-element_type=\"container\">\n\t\t\t\t\t<div class=\"e-con-inner\">\n\t\t\t\t<div class=\"elementor-element elementor-element-cbcba4b elementor-post-navigation-borders-yes elementor-widget elementor-widget-post-navigation\" data-id=\"cbcba4b\" data-element_type=\"widget\" data-widget_type=\"post-navigation.default\">\n\t\t\t\t<div class=\"elementor-widget-container\">\n\t\t\t<link rel=\"stylesheet\" href=\"https:\/\/grapos-softdrinks.sk\/wp-content\/plugins\/elementor-pro\/assets\/css\/widget-theme-elements.min.css?ver=1729962869\">\t\t<div class=\"elementor-post-navigation\">\n\t\t\t<div class=\"elementor-post-navigation__prev elementor-post-navigation__link\">\n\t\t\t\t<a href=\"https:\/\/grapos-softdrinks.sk\/index.php\/brooklynska-technika\/\" rel=\"prev\"><span class=\"post-navigation__arrow-wrapper post-navigation__arrow-prev\"><i class=\"fa fa-arrow-circle-left\" aria-hidden=\"true\"><\/i><span class=\"elementor-screen-only\">Prev<\/span><\/span><span class=\"elementor-post-navigation__link__prev\"><span class=\"post-navigation__prev--label\">Predch\u00e1dzaj\u00faca str\u00e1nka<\/span><span class=\"post-navigation__prev--title\">Brooklynsk\u00e1 technol\u00f3gia<\/span><\/span><\/a>\t\t\t<\/div>\n\t\t\t\t\t\t\t<div class=\"elementor-post-navigation__separator-wrapper\">\n\t\t\t\t\t<div class=\"elementor-post-navigation__separator\"><\/div>\n\t\t\t\t<\/div>\n\t\t\t\t\t\t<div class=\"elementor-post-navigation__next elementor-post-navigation__link\">\n\t\t\t\t<a href=\"https:\/\/grapos-softdrinks.sk\/index.php\/nase-montaze\/\" rel=\"next\"><span class=\"elementor-post-navigation__link__next\"><span class=\"post-navigation__next--label\">\u010eal\u0161ia str\u00e1nka<\/span><span class=\"post-navigation__next--title\">Na\u0161e mont\u00e1\u017ee<\/span><\/span><span class=\"post-navigation__arrow-wrapper post-navigation__arrow-next\"><i class=\"fa fa-arrow-circle-right\" aria-hidden=\"true\"><\/i><span class=\"elementor-screen-only\">Next<\/span><\/span><\/a>\t\t\t<\/div>\n\t\t<\/div>\n\t\t\t\t<\/div>\n\t\t\t\t<\/div>\n\t\t\t\t\t<\/div>\n\t\t\t\t<\/div>\n\t\t<div class=\"elementor-element elementor-element-2f6f76b e-flex e-con-boxed e-con e-parent\" data-id=\"2f6f76b\" data-element_type=\"container\">\n\t\t\t\t\t<div class=\"e-con-inner\">\n\t\t<div class=\"elementor-element elementor-element-4d484b3 e-con-full e-flex e-con e-child\" data-id=\"4d484b3\" data-element_type=\"container\">\n\t\t\t\t<div class=\"elementor-element elementor-element-5f8b647 elementor-widget elementor-widget-heading\" data-id=\"5f8b647\" data-element_type=\"widget\" data-widget_type=\"heading.default\">\n\t\t\t\t<div class=\"elementor-widget-container\">\n\t\t\t<style>\/*! elementor - v3.23.0 - 05-08-2024 *\/\n.elementor-heading-title{padding:0;margin:0;line-height:1}.elementor-widget-heading .elementor-heading-title[class*=elementor-size-]>a{color:inherit;font-size:inherit;line-height:inherit}.elementor-widget-heading .elementor-heading-title.elementor-size-small{font-size:15px}.elementor-widget-heading .elementor-heading-title.elementor-size-medium{font-size:19px}.elementor-widget-heading .elementor-heading-title.elementor-size-large{font-size:29px}.elementor-widget-heading .elementor-heading-title.elementor-size-xl{font-size:39px}.elementor-widget-heading .elementor-heading-title.elementor-size-xxl{font-size:59px}<\/style><h2 class=\"elementor-heading-title elementor-size-default\">Brooklyn -\nBIO & Vitaminbar<\/h2>\t\t<\/div>\n\t\t\t\t<\/div>\n\t\t\t\t<div class=\"elementor-element elementor-element-eabf11f elementor-widget elementor-widget-text-editor\" data-id=\"eabf11f\" data-element_type=\"widget\" data-widget_type=\"text-editor.default\">\n\t\t\t\t<div class=\"elementor-widget-container\">\n\t\t\t<style>\/*! elementor - v3.23.0 - 05-08-2024 *\/\n.elementor-widget-text-editor.elementor-drop-cap-view-stacked .elementor-drop-cap{background-color:#69727d;color:#fff}.elementor-widget-text-editor.elementor-drop-cap-view-framed .elementor-drop-cap{color:#69727d;border:3px solid;background-color:transparent}.elementor-widget-text-editor:not(.elementor-drop-cap-view-default) .elementor-drop-cap{margin-top:8px}.elementor-widget-text-editor:not(.elementor-drop-cap-view-default) .elementor-drop-cap-letter{width:1em;height:1em}.elementor-widget-text-editor .elementor-drop-cap{float:left;text-align:center;line-height:1;font-size:50px}.elementor-widget-text-editor .elementor-drop-cap-letter{display:inline-block}<\/style>\t\t\t\t<p>Brooklynsk\u00e1 \u201eBIO &amp; Vitaminbar\u201c je exkluz\u00edvna technol\u00f3gia \u010dapovania pre 100% organick\u00e9 \u0161\u0165avy. Syst\u00e9m sa prisp\u00f4sobuje pr\u00edslu\u0161n\u00fdm potreb\u00e1m pomocou r\u00f4znych nadstavcov.<\/p>\t\t\t\t\t\t<\/div>\n\t\t\t\t<\/div>\n\t\t\t\t<\/div>\n\t\t\t\t\t<\/div>\n\t\t\t\t<\/div>\n\t\t<div class=\"elementor-element elementor-element-cbe67dc e-flex e-con-boxed e-con e-parent\" data-id=\"cbe67dc\" data-element_type=\"container\">\n\t\t\t\t\t<div class=\"e-con-inner\">\n\t\t<div class=\"elementor-element elementor-element-4e47d48 e-con-full e-flex e-con e-child\" data-id=\"4e47d48\" data-element_type=\"container\">\n\t\t\t\t<div class=\"elementor-element elementor-element-b0ad666 elementor-widget elementor-widget-heading\" data-id=\"b0ad666\" data-element_type=\"widget\" data-widget_type=\"heading.default\">\n\t\t\t\t<div class=\"elementor-widget-container\">\n\t\t\t<h2 class=\"elementor-heading-title elementor-size-default\">Brooklyn -\nBIO & Vitaminbar<\/h2>\t\t<\/div>\n\t\t\t\t<\/div>\n\t\t\t\t<div class=\"elementor-element elementor-element-87d036f elementor-widget elementor-widget-text-editor\" data-id=\"87d036f\" data-element_type=\"widget\" data-widget_type=\"text-editor.default\">\n\t\t\t\t<div class=\"elementor-widget-container\">\n\t\t\t\t\t\t\t<div class=\"one_third last\">Exkluz\u00edvny Brooklyn BIO &amp; Vitaminbar pon\u00faka 3 organick\u00e9 \u0161\u0165avy a vitam\u00ednov\u00fa vodu. R\u00f4zne doplnky, ako s\u00fa sklenen\u00e9 poli\u010dky, dod\u00e1vaj\u00fa jedine\u010dn\u00fd \u201eBrooklyn vzh\u013ead\u201c.<\/div>\t\t\t\t\t\t<\/div>\n\t\t\t\t<\/div>\n\t\t\t\t<\/div>\n\t\t<div class=\"elementor-element elementor-element-69a0fab e-con-full e-flex e-con e-child\" data-id=\"69a0fab\" data-element_type=\"container\">\n\t\t\t\t<div class=\"elementor-element elementor-element-34f875b elementor-widget elementor-widget-image\" data-id=\"34f875b\" data-element_type=\"widget\" data-widget_type=\"image.default\">\n\t\t\t\t<div class=\"elementor-widget-container\">\n\t\t\t\t\t\t\t\t\t\t\t\t\t<img fetchpriority=\"high\" decoding=\"async\" width=\"217\" height=\"300\" src=\"https:\/\/grapos-softdrinks.sk\/wp-content\/uploads\/2024\/09\/Pic_SA_BYN_Brkfst-Bar_P1101_rgb-741x1024-2-217x300.jpg\" class=\"attachment-medium size-medium wp-image-686\" alt=\"\" srcset=\"https:\/\/grapos-softdrinks.sk\/wp-content\/uploads\/2024\/09\/Pic_SA_BYN_Brkfst-Bar_P1101_rgb-741x1024-2-217x300.jpg 217w, https:\/\/grapos-softdrinks.sk\/wp-content\/uploads\/2024\/09\/Pic_SA_BYN_Brkfst-Bar_P1101_rgb-741x1024-2.jpg 741w\" sizes=\"(max-width: 217px) 100vw, 217px\" \/>\t\t\t\t\t\t\t\t\t\t\t\t\t<\/div>\n\t\t\t\t<\/div>\n\t\t\t\t<\/div>\n\t\t\t\t\t<\/div>\n\t\t\t\t<\/div>\n\t\t\t\t<\/div>\n\t\t","protected":false},"excerpt":{"rendered":"<p>Brooklyn &#8211; BIO &#038; Vitaminbar Brooklynsk\u00e1 \u201eBIO &amp; Vitaminbar\u201c je exkluz\u00edvna technol\u00f3gia \u010dapovania pre 100% organick\u00e9 \u0161\u0165avy. Syst\u00e9m sa prisp\u00f4sobuje pr\u00edslu\u0161n\u00fdm potreb\u00e1m pomocou r\u00f4znych nadstavcov. Brooklyn &#8211; BIO &#038; Vitaminbar Exkluz\u00edvny Brooklyn BIO &amp; Vitaminbar pon\u00faka 3 organick\u00e9 \u0161\u0165avy a vitam\u00ednov\u00fa vodu. R\u00f4zne doplnky, ako s\u00fa sklenen\u00e9 poli\u010dky, dod\u00e1vaj\u00fa jedine\u010dn\u00fd \u201eBrooklyn vzh\u013ead\u201c.<\/p>\n","protected":false},"author":1,"featured_media":0,"parent":0,"menu_order":0,"comment_status":"closed","ping_status":"closed","template":"elementor_header_footer","meta":{"footnotes":""},"class_list":["post-538","page","type-page","status-publish","hentry","entry"],"_links":{"self":[{"href":"https:\/\/grapos-softdrinks.sk\/index.php\/wp-json\/wp\/v2\/pages\/538","targetHints":{"allow":["GET"]}}],"collection":[{"href":"https:\/\/grapos-softdrinks.sk\/index.php\/wp-json\/wp\/v2\/pages"}],"about":[{"href":"https:\/\/grapos-softdrinks.sk\/index.php\/wp-json\/wp\/v2\/types\/page"}],"author":[{"embeddable":true,"href":"https:\/\/grapos-softdrinks.sk\/index.php\/wp-json\/wp\/v2\/users\/1"}],"replies":[{"embeddable":true,"href":"https:\/\/grapos-softdrinks.sk\/index.php\/wp-json\/wp\/v2\/comments?post=538"}],"version-history":[{"count":19,"href":"https:\/\/grapos-softdrinks.sk\/index.php\/wp-json\/wp\/v2\/pages\/538\/revisions"}],"predecessor-version":[{"id":1250,"href":"https:\/\/grapos-softdrinks.sk\/index.php\/wp-json\/wp\/v2\/pages\/538\/revisions\/1250"}],"wp:attachment":[{"href":"https:\/\/grapos-softdrinks.sk\/index.php\/wp-json\/wp\/v2\/media?parent=538"}],"curies":[{"name":"wp","href":"https:\/\/api.w.org\/{rel}","templated":true}]}}