{"id":549,"date":"2024-09-23T22:51:42","date_gmt":"2024-09-23T22:51:42","guid":{"rendered":"https:\/\/grapos-softdrinks.sk\/?page_id=549"},"modified":"2024-11-06T22:21:37","modified_gmt":"2024-11-06T22:21:37","slug":"vydajne-zariadenia","status":"publish","type":"page","link":"https:\/\/grapos-softdrinks.sk\/index.php\/vydajne-zariadenia\/","title":{"rendered":"V\u00fddajn\u00e9 zariadenia"},"content":{"rendered":"\t\t<div data-elementor-type=\"wp-page\" data-elementor-id=\"549\" class=\"elementor elementor-549\" data-elementor-post-type=\"page\">\n\t\t\t\t<div class=\"elementor-element elementor-element-0d5f147 e-flex e-con-boxed e-con e-parent\" data-id=\"0d5f147\" data-element_type=\"container\">\n\t\t\t\t\t<div class=\"e-con-inner\">\n\t\t\t\t<div class=\"elementor-element elementor-element-ee091e6 elementor-post-navigation-borders-yes elementor-widget elementor-widget-post-navigation\" data-id=\"ee091e6\" data-element_type=\"widget\" data-widget_type=\"post-navigation.default\">\n\t\t\t\t<div class=\"elementor-widget-container\">\n\t\t\t<link rel=\"stylesheet\" href=\"https:\/\/grapos-softdrinks.sk\/wp-content\/plugins\/elementor-pro\/assets\/css\/widget-theme-elements.min.css?ver=1729962869\">\t\t<div class=\"elementor-post-navigation\">\n\t\t\t<div class=\"elementor-post-navigation__prev elementor-post-navigation__link\">\n\t\t\t\t<a href=\"https:\/\/grapos-softdrinks.sk\/index.php\/volnopredajne-spotrebice\/\" rel=\"prev\"><span class=\"post-navigation__arrow-wrapper post-navigation__arrow-prev\"><i class=\"fa fa-arrow-circle-left\" aria-hidden=\"true\"><\/i><span class=\"elementor-screen-only\">Prev<\/span><\/span><span class=\"elementor-post-navigation__link__prev\"><span class=\"post-navigation__prev--label\">Predch\u00e1dzaj\u00faca str\u00e1nka<\/span><span class=\"post-navigation__prev--title\">Profesion\u00e1lne n\u00e1pojov\u00e9 syst\u00e9my<\/span><\/span><\/a>\t\t\t<\/div>\n\t\t\t\t\t\t\t<div class=\"elementor-post-navigation__separator-wrapper\">\n\t\t\t\t\t<div class=\"elementor-post-navigation__separator\"><\/div>\n\t\t\t\t<\/div>\n\t\t\t\t\t\t<div class=\"elementor-post-navigation__next elementor-post-navigation__link\">\n\t\t\t\t<a href=\"https:\/\/grapos-softdrinks.sk\/index.php\/pocitacove-davkovacie-systemy\/\" rel=\"next\"><span class=\"elementor-post-navigation__link__next\"><span class=\"post-navigation__next--label\">\u010eal\u0161ia str\u00e1nka<\/span><span class=\"post-navigation__next--title\">Po\u010d\u00edta\u010dov\u00e9 d\u00e1vkovacie syst\u00e9my<\/span><\/span><span class=\"post-navigation__arrow-wrapper post-navigation__arrow-next\"><i class=\"fa fa-arrow-circle-right\" aria-hidden=\"true\"><\/i><span class=\"elementor-screen-only\">Next<\/span><\/span><\/a>\t\t\t<\/div>\n\t\t<\/div>\n\t\t\t\t<\/div>\n\t\t\t\t<\/div>\n\t\t\t\t\t<\/div>\n\t\t\t\t<\/div>\n\t\t<div class=\"elementor-element elementor-element-4e203ca e-flex e-con-boxed e-con e-parent\" data-id=\"4e203ca\" data-element_type=\"container\">\n\t\t\t\t\t<div class=\"e-con-inner\">\n\t\t<div class=\"elementor-element elementor-element-59a5cc4 e-con-full e-flex e-con e-child\" data-id=\"59a5cc4\" data-element_type=\"container\">\n\t\t\t\t<div class=\"elementor-element elementor-element-c8e049b elementor-widget elementor-widget-heading\" data-id=\"c8e049b\" data-element_type=\"widget\" data-widget_type=\"heading.default\">\n\t\t\t\t<div class=\"elementor-widget-container\">\n\t\t\t<style>\/*! elementor - v3.23.0 - 05-08-2024 *\/\n.elementor-heading-title{padding:0;margin:0;line-height:1}.elementor-widget-heading .elementor-heading-title[class*=elementor-size-]>a{color:inherit;font-size:inherit;line-height:inherit}.elementor-widget-heading .elementor-heading-title.elementor-size-small{font-size:15px}.elementor-widget-heading .elementor-heading-title.elementor-size-medium{font-size:19px}.elementor-widget-heading .elementor-heading-title.elementor-size-large{font-size:29px}.elementor-widget-heading .elementor-heading-title.elementor-size-xl{font-size:39px}.elementor-widget-heading .elementor-heading-title.elementor-size-xxl{font-size:59px}<\/style><h2 class=\"elementor-heading-title elementor-size-default\">Technol\u00f3gia d\u00e1vkovania je kult\u00farou Graposu<\/h2>\t\t<\/div>\n\t\t\t\t<\/div>\n\t\t\t\t<div class=\"elementor-element elementor-element-6387afe elementor-widget elementor-widget-text-editor\" data-id=\"6387afe\" data-element_type=\"widget\" data-widget_type=\"text-editor.default\">\n\t\t\t\t<div class=\"elementor-widget-container\">\n\t\t\t<style>\/*! elementor - v3.23.0 - 05-08-2024 *\/\n.elementor-widget-text-editor.elementor-drop-cap-view-stacked .elementor-drop-cap{background-color:#69727d;color:#fff}.elementor-widget-text-editor.elementor-drop-cap-view-framed .elementor-drop-cap{color:#69727d;border:3px solid;background-color:transparent}.elementor-widget-text-editor:not(.elementor-drop-cap-view-default) .elementor-drop-cap{margin-top:8px}.elementor-widget-text-editor:not(.elementor-drop-cap-view-default) .elementor-drop-cap-letter{width:1em;height:1em}.elementor-widget-text-editor .elementor-drop-cap{float:left;text-align:center;line-height:1;font-size:50px}.elementor-widget-text-editor .elementor-drop-cap-letter{display:inline-block}<\/style>\t\t\t\t<p>V\u00fddajn\u00e9 zariadenia Schkomat pon\u00fakaj\u00fa mno\u017estvo mo\u017en\u00fdch rie\u0161en\u00ed pre mnoh\u00e9 po\u017eiadavky gastronomick\u00e9ho priemyslu. Mal\u00e9 kr\u010dmov\u00e9 podniky s vysok\u00fdm v\u00fdkonom maj\u00fa in\u00e9 po\u017eiadavky ako priestrann\u00e9 samoobslu\u017en\u00e9 zariadenia. Grapos m\u00e1 rie\u0161enie pre v\u0161etky po\u017eiadavky.<\/p>\t\t\t\t\t\t<\/div>\n\t\t\t\t<\/div>\n\t\t\t\t<\/div>\n\t\t\t\t\t<\/div>\n\t\t\t\t<\/div>\n\t\t<div class=\"elementor-element elementor-element-5735592 e-flex e-con-boxed e-con e-parent\" data-id=\"5735592\" data-element_type=\"container\">\n\t\t\t\t\t<div class=\"e-con-inner\">\n\t\t<div class=\"elementor-element elementor-element-fa21ce1 e-con-full e-flex e-con e-child\" data-id=\"fa21ce1\" data-element_type=\"container\">\n\t\t\t\t<div class=\"elementor-element elementor-element-b34ca23 elementor-widget elementor-widget-heading\" data-id=\"b34ca23\" data-element_type=\"widget\" data-widget_type=\"heading.default\">\n\t\t\t\t<div class=\"elementor-widget-container\">\n\t\t\t<h2 class=\"elementor-heading-title elementor-size-default\">D\u00e1vkovacie zariadenia\ns\u00e9rie GT<\/h2>\t\t<\/div>\n\t\t\t\t<\/div>\n\t\t\t\t<div class=\"elementor-element elementor-element-21f956d elementor-widget elementor-widget-text-editor\" data-id=\"21f956d\" data-element_type=\"widget\" data-widget_type=\"text-editor.default\">\n\t\t\t\t<div class=\"elementor-widget-container\">\n\t\t\t\t\t\t\t<ul>\n<li>Schankomat GT 6<\/li>\n<li>Schankomat GT 8<\/li>\n<li>Schankomat GT 10<\/li>\n<li>Schankomat GT 12<\/li>\n<\/ul>\t\t\t\t\t\t<\/div>\n\t\t\t\t<\/div>\n\t\t\t\t<div class=\"elementor-element elementor-element-2977457 elementor-widget elementor-widget-text-editor\" data-id=\"2977457\" data-element_type=\"widget\" data-widget_type=\"text-editor.default\">\n\t\t\t\t<div class=\"elementor-widget-container\">\n\t\t\t\t\t\t\t<p>Grapos hlava \u201eT\u201c sp\u00e1ja technol\u00f3giu a dizajn. Okrem jedine\u010dn\u00e9ho tvaru zaujme d\u00e1vkovacie zariadenie optim\u00e1lnou kvalitou produktu pre pr\u00e9miov\u00e9 postmixov\u00e9 n\u00e1poje Grapos. D\u00e1vkova\u010de sa ovl\u00e1daj\u00fa pomocou d\u00e1vkovac\u00edch p\u00e1k pre n\u00e1pojov\u00e9 syst\u00e9my. Hlava \u201eSchankomat GT\u201c je dostupn\u00e1 vo verzi\u00e1ch so 6, 8, 10 a 12 zvodmi.<\/p>\t\t\t\t\t\t<\/div>\n\t\t\t\t<\/div>\n\t\t\t\t<\/div>\n\t\t<div class=\"elementor-element elementor-element-82e0631 e-con-full e-flex e-con e-child\" data-id=\"82e0631\" data-element_type=\"container\">\n\t\t\t\t<div class=\"elementor-element elementor-element-4e2311c elementor-widget elementor-widget-image\" data-id=\"4e2311c\" data-element_type=\"widget\" data-widget_type=\"image.default\">\n\t\t\t\t<div class=\"elementor-widget-container\">\n\t\t\t\t\t\t\t\t\t\t\t\t\t<img fetchpriority=\"high\" decoding=\"async\" width=\"228\" height=\"300\" src=\"https:\/\/grapos-softdrinks.sk\/wp-content\/uploads\/2024\/09\/Schankomat-GT-kombi2014-228x300-1.jpg\" class=\"attachment-medium size-medium wp-image-622\" alt=\"\" \/>\t\t\t\t\t\t\t\t\t\t\t\t\t<\/div>\n\t\t\t\t<\/div>\n\t\t\t\t<\/div>\n\t\t\t\t\t<\/div>\n\t\t\t\t<\/div>\n\t\t<div class=\"elementor-element elementor-element-b51c892 e-flex e-con-boxed e-con e-parent\" data-id=\"b51c892\" data-element_type=\"container\">\n\t\t\t\t\t<div class=\"e-con-inner\">\n\t\t<div class=\"elementor-element elementor-element-3db1dfc e-con-full e-flex e-con e-child\" data-id=\"3db1dfc\" data-element_type=\"container\">\n\t\t\t\t<div class=\"elementor-element elementor-element-24e0755 elementor-widget elementor-widget-heading\" data-id=\"24e0755\" data-element_type=\"widget\" data-widget_type=\"heading.default\">\n\t\t\t\t<div class=\"elementor-widget-container\">\n\t\t\t<h2 class=\"elementor-heading-title elementor-size-default\">V\u00fddajn\u00e9 zariadenia\ns\u00e9rie GH<\/h2>\t\t<\/div>\n\t\t\t\t<\/div>\n\t\t\t\t<div class=\"elementor-element elementor-element-205c727 elementor-widget elementor-widget-text-editor\" data-id=\"205c727\" data-element_type=\"widget\" data-widget_type=\"text-editor.default\">\n\t\t\t\t<div class=\"elementor-widget-container\">\n\t\t\t\t\t\t\t<ul><li>Schankomat GH 6<\/li><li>Schankomat GH 8<\/li><li>Schankomat GH 10<\/li><li>Schankomat GH 12<\/li><\/ul>\t\t\t\t\t\t<\/div>\n\t\t\t\t<\/div>\n\t\t\t\t<div class=\"elementor-element elementor-element-df08a7b elementor-widget elementor-widget-text-editor\" data-id=\"df08a7b\" data-element_type=\"widget\" data-widget_type=\"text-editor.default\">\n\t\t\t\t<div class=\"elementor-widget-container\">\n\t\t\t\t\t\t\t<p>Grapos hlava \u201eH\u201c je klasick\u00fd model na serv\u00edrovanie pri poh\u00e1ri. D\u00e1 sa variabilne kombinova\u0165 s premixov\u00fdmi d\u00e1vkovac\u00edmi hlavami napr\u00edklad na pivo alebo v\u00edno. D\u00e1vkova\u010de sa ovl\u00e1daj\u00fa pomocou d\u00e1vkovac\u00edch p\u00e1k pre n\u00e1pojov\u00e9 syst\u00e9my. \u0160tandardne dostupn\u00e9 v 6, 8, 10 a 12 radoch. Produkty na mieru na \u017eelanie.<\/p>\t\t\t\t\t\t<\/div>\n\t\t\t\t<\/div>\n\t\t\t\t<\/div>\n\t\t<div class=\"elementor-element elementor-element-f2799e1 e-con-full e-flex e-con e-child\" data-id=\"f2799e1\" data-element_type=\"container\">\n\t\t\t\t<div class=\"elementor-element elementor-element-3bb3002 elementor-widget elementor-widget-image\" data-id=\"3bb3002\" data-element_type=\"widget\" data-widget_type=\"image.default\">\n\t\t\t\t<div class=\"elementor-widget-container\">\n\t\t\t\t\t\t\t\t\t\t\t\t\t<img decoding=\"async\" width=\"300\" height=\"225\" src=\"https:\/\/grapos-softdrinks.sk\/wp-content\/uploads\/2024\/09\/Schankomat_GH6-300x225-2.jpg\" class=\"attachment-medium size-medium wp-image-618\" alt=\"\" \/>\t\t\t\t\t\t\t\t\t\t\t\t\t<\/div>\n\t\t\t\t<\/div>\n\t\t\t\t<\/div>\n\t\t\t\t\t<\/div>\n\t\t\t\t<\/div>\n\t\t<div class=\"elementor-element elementor-element-3de9bf1 e-flex e-con-boxed e-con e-parent\" data-id=\"3de9bf1\" data-element_type=\"container\">\n\t\t\t\t\t<div class=\"e-con-inner\">\n\t\t<div class=\"elementor-element elementor-element-075dd96 e-con-full e-flex e-con e-child\" data-id=\"075dd96\" data-element_type=\"container\">\n\t\t\t\t<div class=\"elementor-element elementor-element-58b1d2c elementor-widget elementor-widget-heading\" data-id=\"58b1d2c\" data-element_type=\"widget\" data-widget_type=\"heading.default\">\n\t\t\t\t<div class=\"elementor-widget-container\">\n\t\t\t<h2 class=\"elementor-heading-title elementor-size-default\">D\u00e1vkovacie zariadenia\ns\u00e9rie GP<\/h2>\t\t<\/div>\n\t\t\t\t<\/div>\n\t\t\t\t<div class=\"elementor-element elementor-element-8b536da elementor-widget elementor-widget-text-editor\" data-id=\"8b536da\" data-element_type=\"widget\" data-widget_type=\"text-editor.default\">\n\t\t\t\t<div class=\"elementor-widget-container\">\n\t\t\t\t\t\t\t<ul><li>Schankomat GP 6<\/li><li>Schankomat GP 8<\/li><li>Schankomat GP 10<\/li><li>Schankomat GP 12<\/li><\/ul>\t\t\t\t\t\t<\/div>\n\t\t\t\t<\/div>\n\t\t\t\t<div class=\"elementor-element elementor-element-8f91b4b elementor-widget elementor-widget-text-editor\" data-id=\"8f91b4b\" data-element_type=\"widget\" data-widget_type=\"text-editor.default\">\n\t\t\t\t<div class=\"elementor-widget-container\">\n\t\t\t\t\t\t\t<p>Grapos hlava \u201eP\u201c ako roz\u0161\u00edrenie s\u00e9rie \u201eH\u201c je vybaven\u00e1 porciovac\u00edmi modulmi. Na jeden postmixov\u00fd d\u00e1vkova\u010d s\u00fa k dispoz\u00edcii 3 porcie, ako aj tla\u010didlo nepretr\u017eit\u00e9ho chodu a zastavenia. \u0160tandardne dostupn\u00e9 v 6, 8, 10 a 12 radoch. Produkty na mieru na \u017eelanie.<\/p>\t\t\t\t\t\t<\/div>\n\t\t\t\t<\/div>\n\t\t\t\t<\/div>\n\t\t<div class=\"elementor-element elementor-element-743752e e-con-full e-flex e-con e-child\" data-id=\"743752e\" data-element_type=\"container\">\n\t\t\t\t<div class=\"elementor-element elementor-element-2dccffa elementor-widget elementor-widget-image\" data-id=\"2dccffa\" data-element_type=\"widget\" data-widget_type=\"image.default\">\n\t\t\t\t<div class=\"elementor-widget-container\">\n\t\t\t\t\t\t\t\t\t\t\t\t\t<img decoding=\"async\" width=\"300\" height=\"225\" src=\"https:\/\/grapos-softdrinks.sk\/wp-content\/uploads\/2024\/09\/Schankomat_GP8-300x225-1.jpg\" class=\"attachment-medium size-medium wp-image-619\" alt=\"\" \/>\t\t\t\t\t\t\t\t\t\t\t\t\t<\/div>\n\t\t\t\t<\/div>\n\t\t\t\t<\/div>\n\t\t\t\t\t<\/div>\n\t\t\t\t<\/div>\n\t\t<div class=\"elementor-element elementor-element-5b24457 e-flex e-con-boxed e-con e-parent\" data-id=\"5b24457\" data-element_type=\"container\">\n\t\t\t\t\t<div class=\"e-con-inner\">\n\t\t<div class=\"elementor-element elementor-element-ca199eb e-con-full e-flex e-con e-child\" data-id=\"ca199eb\" data-element_type=\"container\">\n\t\t\t\t<div class=\"elementor-element elementor-element-9391e20 elementor-widget elementor-widget-heading\" data-id=\"9391e20\" data-element_type=\"widget\" data-widget_type=\"heading.default\">\n\t\t\t\t<div class=\"elementor-widget-container\">\n\t\t\t<h2 class=\"elementor-heading-title elementor-size-default\">Postmixov\u00e9 pi\u0161tole<\/h2>\t\t<\/div>\n\t\t\t\t<\/div>\n\t\t\t\t<div class=\"elementor-element elementor-element-a8cf47e elementor-widget elementor-widget-text-editor\" data-id=\"a8cf47e\" data-element_type=\"widget\" data-widget_type=\"text-editor.default\">\n\t\t\t\t<div class=\"elementor-widget-container\">\n\t\t\t\t\t\t\t<ul><li>6 n\u00e1pojov<\/li><li>8 n\u00e1pojov<\/li><\/ul>\t\t\t\t\t\t<\/div>\n\t\t\t\t<\/div>\n\t\t\t\t<div class=\"elementor-element elementor-element-49276ee elementor-widget elementor-widget-text-editor\" data-id=\"49276ee\" data-element_type=\"widget\" data-widget_type=\"text-editor.default\">\n\t\t\t\t<div class=\"elementor-widget-container\">\n\t\t\t\t\t\t\t<p>Postmixov\u00e1 pi\u0161to\u013e s dr\u017eiakom na pult pon\u00faka mo\u017enos\u0165 6 alebo 8 postmixov\u00fdch limon\u00e1d, ale aj s\u00f3du a neperliv\u00fa vodu.<\/p>\t\t\t\t\t\t<\/div>\n\t\t\t\t<\/div>\n\t\t\t\t<\/div>\n\t\t<div class=\"elementor-element elementor-element-66ed8d0 e-con-full e-flex e-con e-child\" data-id=\"66ed8d0\" data-element_type=\"container\">\n\t\t\t\t<div class=\"elementor-element elementor-element-d00def9 elementor-widget elementor-widget-image\" data-id=\"d00def9\" data-element_type=\"widget\" data-widget_type=\"image.default\">\n\t\t\t\t<div class=\"elementor-widget-container\">\n\t\t\t\t\t\t\t\t\t\t\t\t\t<img loading=\"lazy\" decoding=\"async\" width=\"300\" height=\"225\" src=\"https:\/\/grapos-softdrinks.sk\/wp-content\/uploads\/2024\/09\/Schankomat_Pistole-300x225-1.jpg\" class=\"attachment-medium size-medium wp-image-621\" alt=\"\" \/>\t\t\t\t\t\t\t\t\t\t\t\t\t<\/div>\n\t\t\t\t<\/div>\n\t\t\t\t<\/div>\n\t\t\t\t\t<\/div>\n\t\t\t\t<\/div>\n\t\t<div class=\"elementor-element elementor-element-99de27a e-flex e-con-boxed e-con e-parent\" data-id=\"99de27a\" data-element_type=\"container\">\n\t\t\t\t\t<div class=\"e-con-inner\">\n\t\t<div class=\"elementor-element elementor-element-65e628c e-con-full e-flex e-con e-child\" data-id=\"65e628c\" data-element_type=\"container\">\n\t\t\t\t<div class=\"elementor-element elementor-element-cbbf0c6 elementor-widget elementor-widget-heading\" data-id=\"cbbf0c6\" data-element_type=\"widget\" data-widget_type=\"heading.default\">\n\t\t\t\t<div class=\"elementor-widget-container\">\n\t\t\t<h2 class=\"elementor-heading-title elementor-size-default\">Karboniz\u00e1tory<\/h2>\t\t<\/div>\n\t\t\t\t<\/div>\n\t\t\t\t<div class=\"elementor-element elementor-element-417f51d elementor-widget elementor-widget-text-editor\" data-id=\"417f51d\" data-element_type=\"widget\" data-widget_type=\"text-editor.default\">\n\t\t\t\t<div class=\"elementor-widget-container\">\n\t\t\t\t\t\t\t<ul><li>Schankomat C1<\/li><li>Schankomat C3<\/li><\/ul>\t\t\t\t\t\t<\/div>\n\t\t\t\t<\/div>\n\t\t\t\t<div class=\"elementor-element elementor-element-65aaddd elementor-widget elementor-widget-text-editor\" data-id=\"65aaddd\" data-element_type=\"widget\" data-widget_type=\"text-editor.default\">\n\t\t\t\t<div class=\"elementor-widget-container\">\n\t\t\t\t\t\t\t<p><span>S\u00e9ria karboniz\u00e1torov Grapos pon\u00faka to spr\u00e1vne zariadenie pre ka\u017ed\u00fd typ prev\u00e1dzky.<\/span><br \/><span>\u010ci u\u017e ide o stredn\u00fd odberov\u00fd v\u00fdkon alebo n\u00e1razov\u00fa prev\u00e1dzku, \u010di u\u017e integrovan\u00e9 chladenie alebo pripojenie pre centr\u00e1lne chladenie, karboniz\u00e1tory Grapos zaru\u010duj\u00fa vysok\u00fd v\u00fdkon a dokonal\u00fa s\u00f3dov\u00fa vodu.<\/span><\/p>\t\t\t\t\t\t<\/div>\n\t\t\t\t<\/div>\n\t\t\t\t<\/div>\n\t\t<div class=\"elementor-element elementor-element-18277e7 e-con-full e-flex e-con e-child\" data-id=\"18277e7\" data-element_type=\"container\">\n\t\t\t\t<div class=\"elementor-element elementor-element-5d820e4 elementor-widget elementor-widget-image\" data-id=\"5d820e4\" data-element_type=\"widget\" data-widget_type=\"image.default\">\n\t\t\t\t<div class=\"elementor-widget-container\">\n\t\t\t\t\t\t\t\t\t\t\t\t\t<img loading=\"lazy\" decoding=\"async\" width=\"300\" height=\"225\" src=\"https:\/\/grapos-softdrinks.sk\/wp-content\/uploads\/2024\/09\/Schankomat_Karbonator-300x225-1.jpg\" class=\"attachment-medium size-medium wp-image-620\" alt=\"\" \/>\t\t\t\t\t\t\t\t\t\t\t\t\t<\/div>\n\t\t\t\t<\/div>\n\t\t\t\t<\/div>\n\t\t\t\t\t<\/div>\n\t\t\t\t<\/div>\n\t\t\t\t<\/div>\n\t\t","protected":false},"excerpt":{"rendered":"<p>Technol\u00f3gia d\u00e1vkovania je kult\u00farou Graposu V\u00fddajn\u00e9 zariadenia Schkomat pon\u00fakaj\u00fa mno\u017estvo mo\u017en\u00fdch rie\u0161en\u00ed pre mnoh\u00e9 po\u017eiadavky gastronomick\u00e9ho priemyslu. Mal\u00e9 kr\u010dmov\u00e9 podniky s vysok\u00fdm v\u00fdkonom maj\u00fa in\u00e9 po\u017eiadavky ako priestrann\u00e9 samoobslu\u017en\u00e9 zariadenia. Grapos m\u00e1 rie\u0161enie pre v\u0161etky po\u017eiadavky. D\u00e1vkovacie zariadenia s\u00e9rie GT Schankomat GT 6 Schankomat GT 8 Schankomat GT 10 Schankomat GT 12 Grapos hlava \u201eT\u201c [&hellip;]<\/p>\n","protected":false},"author":1,"featured_media":0,"parent":0,"menu_order":0,"comment_status":"closed","ping_status":"closed","template":"elementor_header_footer","meta":{"footnotes":""},"class_list":["post-549","page","type-page","status-publish","hentry","entry"],"_links":{"self":[{"href":"https:\/\/grapos-softdrinks.sk\/index.php\/wp-json\/wp\/v2\/pages\/549","targetHints":{"allow":["GET"]}}],"collection":[{"href":"https:\/\/grapos-softdrinks.sk\/index.php\/wp-json\/wp\/v2\/pages"}],"about":[{"href":"https:\/\/grapos-softdrinks.sk\/index.php\/wp-json\/wp\/v2\/types\/page"}],"author":[{"embeddable":true,"href":"https:\/\/grapos-softdrinks.sk\/index.php\/wp-json\/wp\/v2\/users\/1"}],"replies":[{"embeddable":true,"href":"https:\/\/grapos-softdrinks.sk\/index.php\/wp-json\/wp\/v2\/comments?post=549"}],"version-history":[{"count":25,"href":"https:\/\/grapos-softdrinks.sk\/index.php\/wp-json\/wp\/v2\/pages\/549\/revisions"}],"predecessor-version":[{"id":1244,"href":"https:\/\/grapos-softdrinks.sk\/index.php\/wp-json\/wp\/v2\/pages\/549\/revisions\/1244"}],"wp:attachment":[{"href":"https:\/\/grapos-softdrinks.sk\/index.php\/wp-json\/wp\/v2\/media?parent=549"}],"curies":[{"name":"wp","href":"https:\/\/api.w.org\/{rel}","templated":true}]}}