{"id":63,"date":"2024-09-08T19:22:58","date_gmt":"2024-09-08T19:22:58","guid":{"rendered":"https:\/\/grapos-softdrinks.sk\/?page_id=63"},"modified":"2024-09-28T10:09:19","modified_gmt":"2024-09-28T10:09:19","slug":"o-nas","status":"publish","type":"page","link":"https:\/\/grapos-softdrinks.sk\/index.php\/o-nas\/","title":{"rendered":"O n\u00e1s"},"content":{"rendered":"\t\t<div data-elementor-type=\"wp-page\" data-elementor-id=\"63\" class=\"elementor elementor-63\" data-elementor-post-type=\"page\">\n\t\t\t\t<div class=\"elementor-element elementor-element-e176cb1 e-flex e-con-boxed e-con e-parent\" data-id=\"e176cb1\" data-element_type=\"container\">\n\t\t\t\t\t<div class=\"e-con-inner\">\n\t\t\t\t<div class=\"elementor-element elementor-element-3eb08b8 elementor-post-navigation-borders-yes elementor-widget elementor-widget-post-navigation\" data-id=\"3eb08b8\" data-element_type=\"widget\" data-widget_type=\"post-navigation.default\">\n\t\t\t\t<div class=\"elementor-widget-container\">\n\t\t\t<link rel=\"stylesheet\" href=\"https:\/\/grapos-softdrinks.sk\/wp-content\/plugins\/elementor-pro\/assets\/css\/widget-theme-elements.min.css?ver=1729962869\">\t\t<div class=\"elementor-post-navigation\">\n\t\t\t<div class=\"elementor-post-navigation__prev elementor-post-navigation__link\">\n\t\t\t\t<a href=\"https:\/\/grapos-softdrinks.sk\/\" rel=\"prev\"><span class=\"post-navigation__arrow-wrapper post-navigation__arrow-prev\"><i class=\"fa fa-arrow-circle-left\" aria-hidden=\"true\"><\/i><span class=\"elementor-screen-only\">Prev<\/span><\/span><span class=\"elementor-post-navigation__link__prev\"><span class=\"post-navigation__prev--label\">Predch\u00e1dzaj\u00faca str\u00e1nka<\/span><span class=\"post-navigation__prev--title\">\u00davod<\/span><\/span><\/a>\t\t\t<\/div>\n\t\t\t\t\t\t\t<div class=\"elementor-post-navigation__separator-wrapper\">\n\t\t\t\t\t<div class=\"elementor-post-navigation__separator\"><\/div>\n\t\t\t\t<\/div>\n\t\t\t\t\t\t<div class=\"elementor-post-navigation__next elementor-post-navigation__link\">\n\t\t\t\t<a href=\"https:\/\/grapos-softdrinks.sk\/index.php\/grapos-pribeh\/\" rel=\"next\"><span class=\"elementor-post-navigation__link__next\"><span class=\"post-navigation__next--label\">\u010eal\u0161ia str\u00e1nka<\/span><span class=\"post-navigation__next--title\">Grapos &#8211; Pr\u00edbeh<\/span><\/span><span class=\"post-navigation__arrow-wrapper post-navigation__arrow-next\"><i class=\"fa fa-arrow-circle-right\" aria-hidden=\"true\"><\/i><span class=\"elementor-screen-only\">Next<\/span><\/span><\/a>\t\t\t<\/div>\n\t\t<\/div>\n\t\t\t\t<\/div>\n\t\t\t\t<\/div>\n\t\t\t\t\t<\/div>\n\t\t\t\t<\/div>\n\t\t<div class=\"elementor-element elementor-element-8a31ae1 e-flex e-con-boxed e-con e-parent\" data-id=\"8a31ae1\" data-element_type=\"container\">\n\t\t\t\t\t<div class=\"e-con-inner\">\n\t\t<div class=\"elementor-element elementor-element-167f681 e-con-full e-flex e-con e-child\" data-id=\"167f681\" data-element_type=\"container\">\n\t\t\t\t<div class=\"elementor-element elementor-element-e79a64f elementor-widget elementor-widget-heading\" data-id=\"e79a64f\" data-element_type=\"widget\" data-widget_type=\"heading.default\">\n\t\t\t\t<div class=\"elementor-widget-container\">\n\t\t\t<style>\/*! elementor - v3.23.0 - 05-08-2024 *\/\n.elementor-heading-title{padding:0;margin:0;line-height:1}.elementor-widget-heading .elementor-heading-title[class*=elementor-size-]>a{color:inherit;font-size:inherit;line-height:inherit}.elementor-widget-heading .elementor-heading-title.elementor-size-small{font-size:15px}.elementor-widget-heading .elementor-heading-title.elementor-size-medium{font-size:19px}.elementor-widget-heading .elementor-heading-title.elementor-size-large{font-size:29px}.elementor-widget-heading .elementor-heading-title.elementor-size-xl{font-size:39px}.elementor-widget-heading .elementor-heading-title.elementor-size-xxl{font-size:59px}<\/style><h2 class=\"elementor-heading-title elementor-size-default\">Najvy\u0161\u0161ia kvalita je na\u0161\u00edm \u0161tandardom<\/h2>\t\t<\/div>\n\t\t\t\t<\/div>\n\t\t\t\t<\/div>\n\t\t\t\t\t<\/div>\n\t\t\t\t<\/div>\n\t\t<div class=\"elementor-element elementor-element-8b4f485 e-flex e-con-boxed e-con e-parent\" data-id=\"8b4f485\" data-element_type=\"container\">\n\t\t\t\t\t<div class=\"e-con-inner\">\n\t\t<div class=\"elementor-element elementor-element-9a2d28a e-con-full e-flex e-con e-child\" data-id=\"9a2d28a\" data-element_type=\"container\">\n\t\t\t\t<div class=\"elementor-element elementor-element-bb8d64c elementor-widget elementor-widget-text-editor\" data-id=\"bb8d64c\" data-element_type=\"widget\" data-widget_type=\"text-editor.default\">\n\t\t\t\t<div class=\"elementor-widget-container\">\n\t\t\t<style>\/*! elementor - v3.23.0 - 05-08-2024 *\/\n.elementor-widget-text-editor.elementor-drop-cap-view-stacked .elementor-drop-cap{background-color:#69727d;color:#fff}.elementor-widget-text-editor.elementor-drop-cap-view-framed .elementor-drop-cap{color:#69727d;border:3px solid;background-color:transparent}.elementor-widget-text-editor:not(.elementor-drop-cap-view-default) .elementor-drop-cap{margin-top:8px}.elementor-widget-text-editor:not(.elementor-drop-cap-view-default) .elementor-drop-cap-letter{width:1em;height:1em}.elementor-widget-text-editor .elementor-drop-cap{float:left;text-align:center;line-height:1;font-size:50px}.elementor-widget-text-editor .elementor-drop-cap-letter{display:inline-block}<\/style>\t\t\t\t<p>Na\u0161a spolo\u010dnos\u0165 existuje u\u017e po gener\u00e1cie ako renomovan\u00fd v\u00fdrobca n\u00e1pojov. Od sam\u00e9ho za\u010diatku sme sa zameriavali na v\u00fdrobu postmixov\u00fdch n\u00e1pojov a inov\u00e1cie zodpovedaj\u00facej technol\u00f3gie. Preto sa hrd\u00edme t\u00fdm, \u017ee sa m\u00f4\u017eeme naz\u00fdva\u0165 \u201epriekopn\u00edkmi postmixu v Eur\u00f3pe\u201c.<\/p><p>Jedno pravidlo v\u0161ak zostalo po\u010das rokov zmien a neust\u00e1leho rastu: Najvy\u0161\u0161ia kvalita je na\u0161\u00edm \u0161tandardom.<\/p><p><strong>Grapos Technic<\/strong><br \/>N\u00e1\u0161 osved\u010den\u00fd a \u00faspe\u0161n\u00fd koncept je harmonickou symf\u00f3niou v\u0161etk\u00fdch komponentov, od z\u00e1kladn\u00fdch materi\u00e1lov a\u017e po hotov\u00fd n\u00e1poj pod\u00e1van\u00fd v poh\u00e1ri. Vysok\u00e1 kvalita surov\u00edn, ich dokonal\u00e9 spracovanie, pokr\u00fdvaj\u00faca predajn\u00e1 sie\u0165 a na bud\u00facnos\u0165 zameran\u00e1 barov\u00e1 technol\u00f3gia zaru\u010duj\u00fa najvy\u0161\u0161iu kvalitu z jedn\u00e9ho zdroja.<\/p><p>Z\u00e1v\u00e4zok k kvalite znamen\u00e1 v\u00fdnimo\u010dn\u00e9 \u00fasilie ka\u017ed\u00e9ho \u010dlena t\u00edmu vo\u010di n\u00e1m a na\u0161im partnerom. Tento proces je dobre zdokumentovan\u00fd certifik\u00e1tom ISO 9001 a neust\u00e1le sa zlep\u0161uje.<\/p><p>Dodr\u017eiavanie najvy\u0161\u0161\u00edch hygienick\u00fdch \u0161tandardov je pre v\u00fdrobu na\u0161ich kvalitn\u00fdch produktov mimoriadne d\u00f4le\u017eit\u00e9. HACCP \u2013 syst\u00e9m sebaovl\u00e1dania v s\u00falade s WHO \u2013 bol p\u00f4vodne vyvinut\u00fd pre NASA a dnes sa pou\u017e\u00edva ako najsofistikovanej\u0161ia hygienick\u00e1 certifik\u00e1cia pre rizikovo bezpe\u010dn\u00fa v\u00fdrobu potrav\u00edn.<\/p><p>Ako najmodernej\u0161\u00ed v\u00fdrobca sirupov v s\u00fa\u010dasnej Eur\u00f3pe pova\u017eujeme za samozrejm\u00e9 podriadi\u0165 n\u00e1\u0161 syst\u00e9m riadenia kvality a hygieny t\u00fdmto n\u00e1ro\u010dn\u00fdm a pr\u00edsnym certifik\u00e1ci\u00e1m.<\/p>\t\t\t\t\t\t<\/div>\n\t\t\t\t<\/div>\n\t\t\t\t<\/div>\n\t\t<div class=\"elementor-element elementor-element-32522c4 e-con-full e-flex e-con e-child\" data-id=\"32522c4\" data-element_type=\"container\">\n\t\t\t\t<div class=\"elementor-element elementor-element-a260d80 elementor-widget elementor-widget-gallery\" data-id=\"a260d80\" data-element_type=\"widget\" data-settings=\"{&quot;columns&quot;:1,&quot;lazyload&quot;:&quot;yes&quot;,&quot;gallery_layout&quot;:&quot;grid&quot;,&quot;columns_tablet&quot;:2,&quot;columns_mobile&quot;:1,&quot;gap&quot;:{&quot;unit&quot;:&quot;px&quot;,&quot;size&quot;:10,&quot;sizes&quot;:[]},&quot;gap_tablet&quot;:{&quot;unit&quot;:&quot;px&quot;,&quot;size&quot;:10,&quot;sizes&quot;:[]},&quot;gap_mobile&quot;:{&quot;unit&quot;:&quot;px&quot;,&quot;size&quot;:10,&quot;sizes&quot;:[]},&quot;link_to&quot;:&quot;file&quot;,&quot;aspect_ratio&quot;:&quot;3:2&quot;,&quot;overlay_background&quot;:&quot;yes&quot;,&quot;content_hover_animation&quot;:&quot;fade-in&quot;}\" data-widget_type=\"gallery.default\">\n\t\t\t\t<div class=\"elementor-widget-container\">\n\t\t\t<style>\/*! elementor-pro - v3.23.0 - 29-07-2024 *\/\n.elementor-gallery__container{min-height:1px}.elementor-gallery-item{position:relative;overflow:hidden;display:block;text-decoration:none;border:solid var(--image-border-width) var(--image-border-color);border-radius:var(--image-border-radius)}.elementor-gallery-item__content,.elementor-gallery-item__overlay{height:100%;width:100%;position:absolute;top:0;left:0}.elementor-gallery-item__overlay{mix-blend-mode:var(--overlay-mix-blend-mode);transition-duration:var(--overlay-transition-duration);transition-property:mix-blend-mode,transform,opacity,background-color}.elementor-gallery-item__image.e-gallery-image{transition-duration:var(--image-transition-duration);transition-property:filter,transform}.elementor-gallery-item__content{display:flex;flex-direction:column;justify-content:var(--content-justify-content,center);align-items:center;text-align:var(--content-text-align);padding:var(--content-padding)}.elementor-gallery-item__content>div{transition-duration:var(--content-transition-duration)}.elementor-gallery-item__content.elementor-gallery--sequenced-animation>div:nth-child(2){transition-delay:calc(var(--content-transition-delay) \/ 3)}.elementor-gallery-item__content.elementor-gallery--sequenced-animation>div:nth-child(3){transition-delay:calc(var(--content-transition-delay) \/ 3 * 2)}.elementor-gallery-item__content.elementor-gallery--sequenced-animation>div:nth-child(4){transition-delay:calc(var(--content-transition-delay) \/ 3 * 3)}.elementor-gallery-item__description{color:var(--description-text-color,#fff);width:100%}.elementor-gallery-item__title{color:var(--title-text-color,#fff);font-weight:700;width:100%}.elementor-gallery__titles-container{display:flex;flex-wrap:wrap;justify-content:var(--titles-container-justify-content,center);margin-bottom:20px}.elementor-gallery__titles-container:not(.e--pointer-framed) .elementor-item:after,.elementor-gallery__titles-container:not(.e--pointer-framed) .elementor-item:before{background-color:var(--galleries-pointer-bg-color-hover)}.elementor-gallery__titles-container:not(.e--pointer-framed) .elementor-item.elementor-item-active:after,.elementor-gallery__titles-container:not(.e--pointer-framed) .elementor-item.elementor-item-active:before{background-color:var(--galleries-pointer-bg-color-active)}.elementor-gallery__titles-container.e--pointer-framed .elementor-item:before{border-color:var(--galleries-pointer-bg-color-hover);border-width:var(--galleries-pointer-border-width)}.elementor-gallery__titles-container.e--pointer-framed .elementor-item:after{border-color:var(--galleries-pointer-bg-color-hover)}.elementor-gallery__titles-container.e--pointer-framed .elementor-item.elementor-item-active:after,.elementor-gallery__titles-container.e--pointer-framed .elementor-item.elementor-item-active:before{border-color:var(--galleries-pointer-bg-color-active)}.elementor-gallery__titles-container.e--pointer-framed.e--animation-draw .elementor-item:before{border-left-width:var(--galleries-pointer-border-width);border-bottom-width:var(--galleries-pointer-border-width);border-right-width:0;border-top-width:0}.elementor-gallery__titles-container.e--pointer-framed.e--animation-draw .elementor-item:after{border-left-width:0;border-bottom-width:0;border-right-width:var(--galleries-pointer-border-width);border-top-width:var(--galleries-pointer-border-width)}.elementor-gallery__titles-container.e--pointer-framed.e--animation-corners .elementor-item:before{border-left-width:var(--galleries-pointer-border-width);border-bottom-width:0;border-right-width:0;border-top-width:var(--galleries-pointer-border-width)}.elementor-gallery__titles-container.e--pointer-framed.e--animation-corners .elementor-item:after{border-left-width:0;border-bottom-width:var(--galleries-pointer-border-width);border-right-width:var(--galleries-pointer-border-width);border-top-width:0}.elementor-gallery__titles-container .e--pointer-double-line .elementor-item:after,.elementor-gallery__titles-container .e--pointer-double-line .elementor-item:before,.elementor-gallery__titles-container .e--pointer-overline .elementor-item:before,.elementor-gallery__titles-container .e--pointer-underline .elementor-item:after{height:var(--galleries-pointer-border-width)}.elementor-gallery-title{--space-between:10px;cursor:pointer;color:#6d7882;font-weight:500;position:relative;padding:7px 14px;transition:all .3s}.elementor-gallery-title--active{color:#495157}.elementor-gallery-title:not(:last-child){margin-inline-end:var(--space-between)}.elementor-gallery-item__title+.elementor-gallery-item__description{margin-top:var(--description-margin-top)}.e-gallery-item.elementor-gallery-item{transition-property:all}.e-gallery-item.elementor-animated-content .elementor-animated-item--enter-from-bottom,.e-gallery-item.elementor-animated-content .elementor-animated-item--enter-from-left,.e-gallery-item.elementor-animated-content .elementor-animated-item--enter-from-right,.e-gallery-item.elementor-animated-content .elementor-animated-item--enter-from-top,.e-gallery-item:focus .elementor-gallery__item-overlay-bg,.e-gallery-item:focus .elementor-gallery__item-overlay-content,.e-gallery-item:focus .elementor-gallery__item-overlay-content__description,.e-gallery-item:focus .elementor-gallery__item-overlay-content__title,.e-gallery-item:hover .elementor-gallery__item-overlay-bg,.e-gallery-item:hover .elementor-gallery__item-overlay-content,.e-gallery-item:hover .elementor-gallery__item-overlay-content__description,.e-gallery-item:hover .elementor-gallery__item-overlay-content__title{opacity:1}a.elementor-item.elementor-gallery-title{color:var(--galleries-title-color-normal)}a.elementor-item.elementor-gallery-title.elementor-item-active,a.elementor-item.elementor-gallery-title.highlighted,a.elementor-item.elementor-gallery-title:focus,a.elementor-item.elementor-gallery-title:hover{color:var(--galleries-title-color-hover)}a.elementor-item.elementor-gallery-title.elementor-item-active{color:var(--gallery-title-color-active)}.e-con-inner>.elementor-widget-gallery,.e-con>.elementor-widget-gallery{width:var(--container-widget-width);--flex-grow:var(--container-widget-flex-grow)}<\/style>\t\t<div class=\"elementor-gallery__container\">\n\t\t\t\t\t\t\t<a class=\"e-gallery-item elementor-gallery-item elementor-animated-content\" href=\"https:\/\/grapos-softdrinks.sk\/wp-content\/uploads\/2024\/09\/Grapos_Technik01.jpg\" data-elementor-open-lightbox=\"yes\" data-elementor-lightbox-slideshow=\"a260d80\" data-elementor-lightbox-title=\"Grapos_Technik01\" data-e-action-hash=\"#elementor-action%3Aaction%3Dlightbox%26settings%3DeyJpZCI6NzU2LCJ1cmwiOiJodHRwczpcL1wvZ3JhcG9zLXNvZnRkcmlua3Muc2tcL3dwLWNvbnRlbnRcL3VwbG9hZHNcLzIwMjRcLzA5XC9HcmFwb3NfVGVjaG5pazAxLmpwZyIsInNsaWRlc2hvdyI6ImEyNjBkODAifQ%3D%3D\">\n\t\t\t\t\t<div class=\"e-gallery-image elementor-gallery-item__image\" data-thumbnail=\"https:\/\/grapos-softdrinks.sk\/wp-content\/uploads\/2024\/09\/Grapos_Technik01.jpg\" data-width=\"1024\" data-height=\"768\" aria-label=\"\" role=\"img\" ><\/div>\n\t\t\t\t\t\t\t\t\t\t\t<div class=\"elementor-gallery-item__overlay\"><\/div>\n\t\t\t\t\t\t\t\t\t\t\t\t\t\t<\/a>\n\t\t\t\t\t\t\t<a class=\"e-gallery-item elementor-gallery-item elementor-animated-content\" href=\"https:\/\/grapos-softdrinks.sk\/wp-content\/uploads\/2024\/09\/Grapos_Technik02.jpg\" data-elementor-open-lightbox=\"yes\" data-elementor-lightbox-slideshow=\"a260d80\" data-elementor-lightbox-title=\"Grapos_Technik02\" data-e-action-hash=\"#elementor-action%3Aaction%3Dlightbox%26settings%3DeyJpZCI6NzU3LCJ1cmwiOiJodHRwczpcL1wvZ3JhcG9zLXNvZnRkcmlua3Muc2tcL3dwLWNvbnRlbnRcL3VwbG9hZHNcLzIwMjRcLzA5XC9HcmFwb3NfVGVjaG5pazAyLmpwZyIsInNsaWRlc2hvdyI6ImEyNjBkODAifQ%3D%3D\">\n\t\t\t\t\t<div class=\"e-gallery-image elementor-gallery-item__image\" data-thumbnail=\"https:\/\/grapos-softdrinks.sk\/wp-content\/uploads\/2024\/09\/Grapos_Technik02.jpg\" data-width=\"1024\" data-height=\"768\" aria-label=\"\" role=\"img\" ><\/div>\n\t\t\t\t\t\t\t\t\t\t\t<div class=\"elementor-gallery-item__overlay\"><\/div>\n\t\t\t\t\t\t\t\t\t\t\t\t\t\t<\/a>\n\t\t\t\t\t<\/div>\n\t\t\t<\/div>\n\t\t\t\t<\/div>\n\t\t\t\t<\/div>\n\t\t\t\t\t<\/div>\n\t\t\t\t<\/div>\n\t\t<div class=\"elementor-element elementor-element-1a06d1c e-flex e-con-boxed e-con e-parent\" data-id=\"1a06d1c\" data-element_type=\"container\">\n\t\t\t\t\t<div class=\"e-con-inner\">\n\t\t<div class=\"elementor-element elementor-element-73740e8 e-con-full e-flex e-con e-child\" data-id=\"73740e8\" data-element_type=\"container\">\n\t\t\t\t<div class=\"elementor-element elementor-element-be7cd77 elementor-widget elementor-widget-image\" data-id=\"be7cd77\" data-element_type=\"widget\" data-widget_type=\"image.default\">\n\t\t\t\t<div class=\"elementor-widget-container\">\n\t\t\t\t\t\t\t\t\t\t\t\t\t\t<a href=\"https:\/\/grapos-softdrinks.sk\/index.php\/grapos-pribeh\/\">\n\t\t\t\t\t\t\t<img fetchpriority=\"high\" decoding=\"async\" width=\"285\" height=\"300\" src=\"https:\/\/grapos-softdrinks.sk\/wp-content\/uploads\/2024\/09\/Pic_Grapos_WZ_0039_rgb-285x300.jpeg\" class=\"elementor-animation-pulse attachment-medium size-medium wp-image-765\" alt=\"\" srcset=\"https:\/\/grapos-softdrinks.sk\/wp-content\/uploads\/2024\/09\/Pic_Grapos_WZ_0039_rgb-285x300.jpeg 285w, https:\/\/grapos-softdrinks.sk\/wp-content\/uploads\/2024\/09\/Pic_Grapos_WZ_0039_rgb.jpeg 480w\" sizes=\"(max-width: 285px) 100vw, 285px\" \/>\t\t\t\t\t\t\t\t<\/a>\n\t\t\t\t\t\t\t\t\t\t\t\t\t<\/div>\n\t\t\t\t<\/div>\n\t\t\t\t<div class=\"elementor-element elementor-element-e740c65 elementor-widget elementor-widget-heading\" data-id=\"e740c65\" data-element_type=\"widget\" data-widget_type=\"heading.default\">\n\t\t\t\t<div class=\"elementor-widget-container\">\n\t\t\t<h2 class=\"elementor-heading-title elementor-size-default\"><a href=\"https:\/\/grapos-softdrinks.sk\/index.php\/grapos-pribeh\/\">Grapos - Pr\u00edbeh<\/a><\/h2>\t\t<\/div>\n\t\t\t\t<\/div>\n\t\t\t\t<\/div>\n\t\t<div class=\"elementor-element elementor-element-64a4147 e-con-full e-flex e-con e-child\" data-id=\"64a4147\" data-element_type=\"container\">\n\t\t\t\t<div class=\"elementor-element elementor-element-c4a1b08 elementor-widget elementor-widget-image\" data-id=\"c4a1b08\" data-element_type=\"widget\" data-widget_type=\"image.default\">\n\t\t\t\t<div class=\"elementor-widget-container\">\n\t\t\t\t\t\t\t\t\t\t\t\t\t\t<a href=\"https:\/\/grapos-softdrinks.sk\/index.php\/principy-a-hodnoty\/\">\n\t\t\t\t\t\t\t<img decoding=\"async\" width=\"265\" height=\"300\" src=\"https:\/\/grapos-softdrinks.sk\/wp-content\/uploads\/2024\/09\/AUSZEICHNUNG_UNTERNEHMEN-768x868-1-265x300.png\" class=\"elementor-animation-pulse attachment-medium size-medium wp-image-762\" alt=\"\" srcset=\"https:\/\/grapos-softdrinks.sk\/wp-content\/uploads\/2024\/09\/AUSZEICHNUNG_UNTERNEHMEN-768x868-1-265x300.png 265w, https:\/\/grapos-softdrinks.sk\/wp-content\/uploads\/2024\/09\/AUSZEICHNUNG_UNTERNEHMEN-768x868-1.png 768w\" sizes=\"(max-width: 265px) 100vw, 265px\" \/>\t\t\t\t\t\t\t\t<\/a>\n\t\t\t\t\t\t\t\t\t\t\t\t\t<\/div>\n\t\t\t\t<\/div>\n\t\t\t\t<div class=\"elementor-element elementor-element-5f15b9f elementor-widget elementor-widget-heading\" data-id=\"5f15b9f\" data-element_type=\"widget\" data-widget_type=\"heading.default\">\n\t\t\t\t<div class=\"elementor-widget-container\">\n\t\t\t<h2 class=\"elementor-heading-title elementor-size-default\"><a href=\"https:\/\/grapos-softdrinks.sk\/index.php\/principy-a-hodnoty\/\">Princ\u00edpy a hodnoty<\/a><\/h2>\t\t<\/div>\n\t\t\t\t<\/div>\n\t\t\t\t<\/div>\n\t\t<div class=\"elementor-element elementor-element-ba741fe e-con-full e-flex e-con e-child\" data-id=\"ba741fe\" data-element_type=\"container\">\n\t\t\t\t<div class=\"elementor-element elementor-element-d8d9904 elementor-widget elementor-widget-image\" data-id=\"d8d9904\" data-element_type=\"widget\" data-widget_type=\"image.default\">\n\t\t\t\t<div class=\"elementor-widget-container\">\n\t\t\t\t\t\t\t\t\t\t\t\t\t\t<a href=\"https:\/\/grapos-softdrinks.sk\/index.php\/nase-certifikaty\/\">\n\t\t\t\t\t\t\t<img decoding=\"async\" width=\"213\" height=\"300\" src=\"https:\/\/grapos-softdrinks.sk\/wp-content\/uploads\/2024\/09\/BioZertifikatProduktion2023-2025_25-04-2023_AT-213x300.jpg\" class=\"elementor-animation-pulse attachment-medium size-medium wp-image-763\" alt=\"\" srcset=\"https:\/\/grapos-softdrinks.sk\/wp-content\/uploads\/2024\/09\/BioZertifikatProduktion2023-2025_25-04-2023_AT-213x300.jpg 213w, https:\/\/grapos-softdrinks.sk\/wp-content\/uploads\/2024\/09\/BioZertifikatProduktion2023-2025_25-04-2023_AT.jpg 320w\" sizes=\"(max-width: 213px) 100vw, 213px\" \/>\t\t\t\t\t\t\t\t<\/a>\n\t\t\t\t\t\t\t\t\t\t\t\t\t<\/div>\n\t\t\t\t<\/div>\n\t\t\t\t<div class=\"elementor-element elementor-element-3ddbcab elementor-widget elementor-widget-heading\" data-id=\"3ddbcab\" data-element_type=\"widget\" data-widget_type=\"heading.default\">\n\t\t\t\t<div class=\"elementor-widget-container\">\n\t\t\t<h2 class=\"elementor-heading-title elementor-size-default\"><a href=\"https:\/\/grapos-softdrinks.sk\/index.php\/nase-certifikaty\/\">Na\u0161e certifik\u00e1ty<\/a><\/h2>\t\t<\/div>\n\t\t\t\t<\/div>\n\t\t\t\t<\/div>\n\t\t<div class=\"elementor-element elementor-element-3a6cef2 e-con-full e-flex e-con e-child\" data-id=\"3a6cef2\" data-element_type=\"container\">\n\t\t\t\t<div class=\"elementor-element elementor-element-7b16699 elementor-widget elementor-widget-image\" data-id=\"7b16699\" data-element_type=\"widget\" data-widget_type=\"image.default\">\n\t\t\t\t<div class=\"elementor-widget-container\">\n\t\t\t\t\t\t\t\t\t\t\t\t\t\t<a href=\"https:\/\/grapos-softdrinks.sk\/index.php\/nase-certifikaty\/\">\n\t\t\t\t\t\t\t<img loading=\"lazy\" decoding=\"async\" width=\"231\" height=\"300\" src=\"https:\/\/grapos-softdrinks.sk\/wp-content\/uploads\/2024\/09\/footprint-1-1-231x300.jpg\" class=\"elementor-animation-pulse attachment-medium size-medium wp-image-932\" alt=\"\" srcset=\"https:\/\/grapos-softdrinks.sk\/wp-content\/uploads\/2024\/09\/footprint-1-1-231x300.jpg 231w, https:\/\/grapos-softdrinks.sk\/wp-content\/uploads\/2024\/09\/footprint-1-1.jpg 300w\" sizes=\"(max-width: 231px) 100vw, 231px\" \/>\t\t\t\t\t\t\t\t<\/a>\n\t\t\t\t\t\t\t\t\t\t\t\t\t<\/div>\n\t\t\t\t<\/div>\n\t\t\t\t<div class=\"elementor-element elementor-element-06305a8 elementor-widget elementor-widget-heading\" data-id=\"06305a8\" data-element_type=\"widget\" data-widget_type=\"heading.default\">\n\t\t\t\t<div class=\"elementor-widget-container\">\n\t\t\t<h2 class=\"elementor-heading-title elementor-size-default\"><a href=\"https:\/\/grapos-softdrinks.sk\/index.php\/co2-stopa\/\">CO2 stopa<\/a><\/h2>\t\t<\/div>\n\t\t\t\t<\/div>\n\t\t\t\t<\/div>\n\t\t\t\t\t<\/div>\n\t\t\t\t<\/div>\n\t\t\t\t<\/div>\n\t\t","protected":false},"excerpt":{"rendered":"<p>Najvy\u0161\u0161ia kvalita je na\u0161\u00edm \u0161tandardom Na\u0161a spolo\u010dnos\u0165 existuje u\u017e po gener\u00e1cie ako renomovan\u00fd v\u00fdrobca n\u00e1pojov. Od sam\u00e9ho za\u010diatku sme sa zameriavali na v\u00fdrobu postmixov\u00fdch n\u00e1pojov a inov\u00e1cie zodpovedaj\u00facej technol\u00f3gie. Preto sa hrd\u00edme t\u00fdm, \u017ee sa m\u00f4\u017eeme naz\u00fdva\u0165 \u201epriekopn\u00edkmi postmixu v Eur\u00f3pe\u201c. Jedno pravidlo v\u0161ak zostalo po\u010das rokov zmien a neust\u00e1leho rastu: Najvy\u0161\u0161ia kvalita je na\u0161\u00edm [&hellip;]<\/p>\n","protected":false},"author":1,"featured_media":0,"parent":0,"menu_order":0,"comment_status":"closed","ping_status":"closed","template":"elementor_header_footer","meta":{"footnotes":""},"class_list":["post-63","page","type-page","status-publish","hentry","entry"],"_links":{"self":[{"href":"https:\/\/grapos-softdrinks.sk\/index.php\/wp-json\/wp\/v2\/pages\/63","targetHints":{"allow":["GET"]}}],"collection":[{"href":"https:\/\/grapos-softdrinks.sk\/index.php\/wp-json\/wp\/v2\/pages"}],"about":[{"href":"https:\/\/grapos-softdrinks.sk\/index.php\/wp-json\/wp\/v2\/types\/page"}],"author":[{"embeddable":true,"href":"https:\/\/grapos-softdrinks.sk\/index.php\/wp-json\/wp\/v2\/users\/1"}],"replies":[{"embeddable":true,"href":"https:\/\/grapos-softdrinks.sk\/index.php\/wp-json\/wp\/v2\/comments?post=63"}],"version-history":[{"count":25,"href":"https:\/\/grapos-softdrinks.sk\/index.php\/wp-json\/wp\/v2\/pages\/63\/revisions"}],"predecessor-version":[{"id":1068,"href":"https:\/\/grapos-softdrinks.sk\/index.php\/wp-json\/wp\/v2\/pages\/63\/revisions\/1068"}],"wp:attachment":[{"href":"https:\/\/grapos-softdrinks.sk\/index.php\/wp-json\/wp\/v2\/media?parent=63"}],"curies":[{"name":"wp","href":"https:\/\/api.w.org\/{rel}","templated":true}]}}