{"id":743,"date":"2024-09-09T00:13:33","date_gmt":"2024-09-09T00:13:33","guid":{"rendered":"https:\/\/grapos-softdrinks.sk\/?page_id=743"},"modified":"2024-11-06T22:06:05","modified_gmt":"2024-11-06T22:06:05","slug":"grapos-pribeh","status":"publish","type":"page","link":"https:\/\/grapos-softdrinks.sk\/index.php\/grapos-pribeh\/","title":{"rendered":"Grapos &#8211; Pr\u00edbeh"},"content":{"rendered":"\t\t<div data-elementor-type=\"wp-page\" data-elementor-id=\"743\" class=\"elementor elementor-743\" data-elementor-post-type=\"page\">\n\t\t\t\t<div class=\"elementor-element elementor-element-d99542f e-flex e-con-boxed e-con e-parent\" data-id=\"d99542f\" data-element_type=\"container\">\n\t\t\t\t\t<div class=\"e-con-inner\">\n\t\t\t\t<div class=\"elementor-element elementor-element-a85c141 elementor-post-navigation-borders-yes elementor-widget elementor-widget-post-navigation\" data-id=\"a85c141\" data-element_type=\"widget\" data-widget_type=\"post-navigation.default\">\n\t\t\t\t<div class=\"elementor-widget-container\">\n\t\t\t<link rel=\"stylesheet\" href=\"https:\/\/grapos-softdrinks.sk\/wp-content\/plugins\/elementor-pro\/assets\/css\/widget-theme-elements.min.css?ver=1729962869\">\t\t<div class=\"elementor-post-navigation\">\n\t\t\t<div class=\"elementor-post-navigation__prev elementor-post-navigation__link\">\n\t\t\t\t<a href=\"https:\/\/grapos-softdrinks.sk\/index.php\/o-nas\/\" rel=\"prev\"><span class=\"post-navigation__arrow-wrapper post-navigation__arrow-prev\"><i class=\"fa fa-arrow-circle-left\" aria-hidden=\"true\"><\/i><span class=\"elementor-screen-only\">Prev<\/span><\/span><span class=\"elementor-post-navigation__link__prev\"><span class=\"post-navigation__prev--label\">Predch\u00e1dzaj\u00faca str\u00e1nka<\/span><span class=\"post-navigation__prev--title\">O n\u00e1s<\/span><\/span><\/a>\t\t\t<\/div>\n\t\t\t\t\t\t\t<div class=\"elementor-post-navigation__separator-wrapper\">\n\t\t\t\t\t<div class=\"elementor-post-navigation__separator\"><\/div>\n\t\t\t\t<\/div>\n\t\t\t\t\t\t<div class=\"elementor-post-navigation__next elementor-post-navigation__link\">\n\t\t\t\t<a href=\"https:\/\/grapos-softdrinks.sk\/index.php\/principy-a-hodnoty\/\" rel=\"next\"><span class=\"elementor-post-navigation__link__next\"><span class=\"post-navigation__next--label\">\u010eal\u0161ia str\u00e1nka<\/span><span class=\"post-navigation__next--title\">Princ\u00edpy a hodnoty<\/span><\/span><span class=\"post-navigation__arrow-wrapper post-navigation__arrow-next\"><i class=\"fa fa-arrow-circle-right\" aria-hidden=\"true\"><\/i><span class=\"elementor-screen-only\">Next<\/span><\/span><\/a>\t\t\t<\/div>\n\t\t<\/div>\n\t\t\t\t<\/div>\n\t\t\t\t<\/div>\n\t\t\t\t\t<\/div>\n\t\t\t\t<\/div>\n\t\t<div class=\"elementor-element elementor-element-56bcb41 e-flex e-con-boxed e-con e-parent\" data-id=\"56bcb41\" data-element_type=\"container\">\n\t\t\t\t\t<div class=\"e-con-inner\">\n\t\t<div class=\"elementor-element elementor-element-b9d1283 e-con-full e-flex e-con e-child\" data-id=\"b9d1283\" data-element_type=\"container\">\n\t\t\t\t<div class=\"elementor-element elementor-element-7f3b632 elementor-widget elementor-widget-heading\" data-id=\"7f3b632\" data-element_type=\"widget\" data-widget_type=\"heading.default\">\n\t\t\t\t<div class=\"elementor-widget-container\">\n\t\t\t<style>\/*! elementor - v3.23.0 - 05-08-2024 *\/\n.elementor-heading-title{padding:0;margin:0;line-height:1}.elementor-widget-heading .elementor-heading-title[class*=elementor-size-]>a{color:inherit;font-size:inherit;line-height:inherit}.elementor-widget-heading .elementor-heading-title.elementor-size-small{font-size:15px}.elementor-widget-heading .elementor-heading-title.elementor-size-medium{font-size:19px}.elementor-widget-heading .elementor-heading-title.elementor-size-large{font-size:29px}.elementor-widget-heading .elementor-heading-title.elementor-size-xl{font-size:39px}.elementor-widget-heading .elementor-heading-title.elementor-size-xxl{font-size:59px}<\/style><h2 class=\"elementor-heading-title elementor-size-default\">Mal\u00fd pr\u00edbeh o spolo\u010dnosti Grapos<\/h2>\t\t<\/div>\n\t\t\t\t<\/div>\n\t\t\t\t<\/div>\n\t\t\t\t\t<\/div>\n\t\t\t\t<\/div>\n\t\t<div class=\"elementor-element elementor-element-ed2f156 e-flex e-con-boxed e-con e-parent\" data-id=\"ed2f156\" data-element_type=\"container\">\n\t\t\t\t\t<div class=\"e-con-inner\">\n\t\t<div class=\"elementor-element elementor-element-49cc330 e-con-full e-flex e-con e-child\" data-id=\"49cc330\" data-element_type=\"container\">\n\t\t\t\t<div class=\"elementor-element elementor-element-dc9e68f elementor-widget elementor-widget-text-editor\" data-id=\"dc9e68f\" data-element_type=\"widget\" data-widget_type=\"text-editor.default\">\n\t\t\t\t<div class=\"elementor-widget-container\">\n\t\t\t<style>\/*! elementor - v3.23.0 - 05-08-2024 *\/\n.elementor-widget-text-editor.elementor-drop-cap-view-stacked .elementor-drop-cap{background-color:#69727d;color:#fff}.elementor-widget-text-editor.elementor-drop-cap-view-framed .elementor-drop-cap{color:#69727d;border:3px solid;background-color:transparent}.elementor-widget-text-editor:not(.elementor-drop-cap-view-default) .elementor-drop-cap{margin-top:8px}.elementor-widget-text-editor:not(.elementor-drop-cap-view-default) .elementor-drop-cap-letter{width:1em;height:1em}.elementor-widget-text-editor .elementor-drop-cap{float:left;text-align:center;line-height:1;font-size:50px}.elementor-widget-text-editor .elementor-drop-cap-letter{display:inline-block}<\/style>\t\t\t\t<p><strong>Hist\u00f3ria<\/strong><br \/>V roku 1964 za\u010dali rodi\u010dia s\u00fa\u010dasn\u00e9ho riadite\u013ea Wolfganga Z mugga, Friedrich a Theresia Zmugg, s v\u00fdrobou postmixov\u00e9ho sirupu na dvore ich malej samoobsluhy v Grazi. Wolfgang Zmugg prevzal podnik od svojich rodi\u010dov v roku 1982 ako jednorazov\u00fa prev\u00e1dzku so 183 z\u00e1kazn\u00edkmi. \u010coskoro potom za\u010dalo h\u013eadanie vhodn\u00e9ho a zmyslupln\u00e9ho n\u00e1zvu, \u010do viedlo k vytvoreniu prvej zna\u010dky postmixov\u00e9ho sirupu \u201eGRAPOS\u201c \u2013 skratka pre \u201eGrazer Postmix-Sirup\u201c.<\/p><p>V roku 1982 bola v\u00fdroba postmixov\u00e9ho sirupu presunut\u00e1 na Triesterstra\u00dfe v Grazi. Vzh\u013eadom na obrovsk\u00fd dopyt sa v roku 1998 stala potrebnou roz\u0161\u00edrenie z\u00e1vodu. Od roku 1999 sa zn\u00e1my sirup GRAPOS Postmix vyr\u00e1ba v najmodernej\u0161om podniku v oblasti v\u00fdroby postmixov\u00e9ho sirupu v Lannachu, bl\u00edzko Grazu, v s\u00falade s eur\u00f3pskymi hygienick\u00fdmi normami (HACCP).<\/p><p><strong>Siln\u00e9 str\u00e1nky<\/strong><br \/>Z\u00e1kazn\u00edci GRAPOS oce\u0148uj\u00fa bezkonkuren\u010dn\u00fd servis a osobn\u00fd z\u00e1kazn\u00edcky servis. 365 dn\u00ed v roku s\u00fa na\u0161i vy\u0161kolen\u00ed a oddan\u00ed zamestnanci pripraven\u00ed a r\u00fdchlo a efekt\u00edvne reaguj\u00fa na ak\u00e9ko\u013evek po\u017eiadavky a \u0161peci\u00e1lne priania na\u0161ich z\u00e1kazn\u00edkov. Kombinovan\u00edm kvality produktov a najvy\u0161\u0161\u00edch hygienick\u00fdch \u0161tandardov bola vytvoren\u00e1 zna\u010dka, ktor\u00e1 presvied\u010da na\u0161ich z\u00e1kazn\u00edkov u\u017e roky. V roku 1999 odborn\u00e1 komisia presk\u00famala regul\u00e1ciu vn\u00fatorn\u00fdch postupov, ako aj dodr\u017eiavanie eur\u00f3pskych hygienick\u00fdch \u0161tandardov a certifikovala ich pod\u013ea ISO 9001 a HACCP.<\/p><p>\u00a0<\/p>\t\t\t\t\t\t<\/div>\n\t\t\t\t<\/div>\n\t\t\t\t<\/div>\n\t\t<div class=\"elementor-element elementor-element-b2acaa4 e-con-full e-flex e-con e-child\" data-id=\"b2acaa4\" data-element_type=\"container\">\n\t\t\t\t<div class=\"elementor-element elementor-element-f78bf97 elementor-widget elementor-widget-image\" data-id=\"f78bf97\" data-element_type=\"widget\" data-widget_type=\"image.default\">\n\t\t\t\t<div class=\"elementor-widget-container\">\n\t\t\t\t\t\t\t\t\t\t\t\t\t<img fetchpriority=\"high\" decoding=\"async\" width=\"480\" height=\"506\" src=\"https:\/\/grapos-softdrinks.sk\/wp-content\/uploads\/2024\/09\/Pic_Grapos_WZ_0039_rgb.jpeg\" class=\"attachment-large size-large wp-image-765\" alt=\"\" srcset=\"https:\/\/grapos-softdrinks.sk\/wp-content\/uploads\/2024\/09\/Pic_Grapos_WZ_0039_rgb.jpeg 480w, https:\/\/grapos-softdrinks.sk\/wp-content\/uploads\/2024\/09\/Pic_Grapos_WZ_0039_rgb-285x300.jpeg 285w\" sizes=\"(max-width: 480px) 100vw, 480px\" \/>\t\t\t\t\t\t\t\t\t\t\t\t\t<\/div>\n\t\t\t\t<\/div>\n\t\t\t\t<\/div>\n\t\t\t\t\t<\/div>\n\t\t\t\t<\/div>\n\t\t<div class=\"elementor-element elementor-element-d85de56 e-flex e-con-boxed e-con e-parent\" data-id=\"d85de56\" data-element_type=\"container\">\n\t\t\t\t\t<div class=\"e-con-inner\">\n\t\t<div class=\"elementor-element elementor-element-ed4e85c e-con-full e-flex e-con e-child\" data-id=\"ed4e85c\" data-element_type=\"container\">\n\t\t\t\t<div class=\"elementor-element elementor-element-4afbfcf elementor-widget elementor-widget-text-editor\" data-id=\"4afbfcf\" data-element_type=\"widget\" data-widget_type=\"text-editor.default\">\n\t\t\t\t<div class=\"elementor-widget-container\">\n\t\t\t\t\t\t\t<p><strong>Produkty<\/strong><br \/>V s\u00fa\u010dasnosti p\u00f4sobiv\u00e1 produktov\u00e1 rozmanitos\u0165 zah\u0155\u0148a 27 r\u00f4znych pr\u00edchut\u00ed a je neprekonate\u013en\u00e1 v eur\u00f3pskom sektore postmixu. Okrem klasick\u00fdch osvie\u017euj\u00facich n\u00e1pojov a r\u00f4znych typov koly vyr\u00e1bame aj \u0161peci\u00e1ly ako zelen\u00fd \u010daj z figy kaktusovej alebo exotick\u00e9 pr\u00edchute ako anan\u00e1s, mango-marakuja alebo grep-frukt. Energetick\u00e9 n\u00e1poje a izotonick\u00e9 n\u00e1poje, ako aj \u0161peci\u00e1lne ra\u0148ajkov\u00e9 n\u00e1poje (s pridan\u00fdmi vitam\u00ednmi) s\u00fa s\u00fa\u010das\u0165ou na\u0161ej \u0161irokej ponuky produktov. Radi vyhovieme aj \u0161peci\u00e1lnym po\u017eiadavk\u00e1m z\u00e1kazn\u00edkov \u2013 chu\u0165ov\u00e9 vari\u00e1cie nemaj\u00fa \u017eiadne obmedzenia.<\/p><p><strong>Inovat\u00edvna technol\u00f3gia<\/strong><br \/>Od polovice 90. rokov sa GRAPOS zaober\u00e1 v\u00fdvojom, v\u00fdrobou a in\u0161tal\u00e1ciou d\u00e1vkovac\u00edch syst\u00e9mov pre pohostinstvo. Zna\u010dka GRAPOS SCHANKOMAT je medzin\u00e1rodn\u00fdm benchmarkom pre d\u00e1vkovacie syst\u00e9my. Manu\u00e1lne aj po\u010d\u00edta\u010dovo riaden\u00e9 syst\u00e9my enormne zjednodu\u0161uj\u00fa prev\u00e1dzku v pohostinstve a nahr\u00e1dzaj\u00fa konven\u010dn\u00fd bar s f\u013ea\u0161ami. Dokonal\u00e1 logistika a ve\u013ek\u00e9 know-how s\u00fa potrebn\u00e9 na to, aby sa napr\u00edklad zl\u00fa\u010dilo a\u017e 25 d\u00e1vkovac\u00edch jednotiek do jedn\u00e9ho kompletn\u00e9ho syst\u00e9mu, \u010d\u00edm sa zabezpe\u010d\u00ed dokonal\u00e1 prev\u00e1dzka. Dnes sa takmer ka\u017ed\u00fd ve\u013ek\u00fd projekt realizuje s technol\u00f3giou GRAPOS\/SCHANKOMAT.<\/p><p><strong>V\u00edzie<\/strong><br \/>Grapos je synonymom kvality, osvie\u017eenia, z\u00e1kazn\u00edckeho servisu, dobrej hodnoty za peniaze, \u0161kolen\u00fdch a na z\u00e1kazn\u00edka orientovan\u00fdch zamestnancov, ako aj profesionality v d\u00e1vkovacej technol\u00f3gii.<br \/>Cie\u013emi GRAPOS s\u00fa jednak trval\u00e9 roz\u0161irovanie dod\u00e1vok, jednak z\u00edskavanie bud\u00facich podielov na trhu v Eur\u00f3pe.<\/p>\t\t\t\t\t\t<\/div>\n\t\t\t\t<\/div>\n\t\t\t\t<\/div>\n\t\t\t\t\t<\/div>\n\t\t\t\t<\/div>\n\t\t<div class=\"elementor-element elementor-element-620b3d4 e-flex e-con-boxed e-con e-parent\" data-id=\"620b3d4\" data-element_type=\"container\">\n\t\t\t\t\t<div class=\"e-con-inner\">\n\t\t<div class=\"elementor-element elementor-element-998c4c6 e-con-full e-flex e-con e-child\" data-id=\"998c4c6\" data-element_type=\"container\">\n\t\t\t\t<div class=\"elementor-element elementor-element-1f98cdc elementor-widget elementor-widget-text-editor\" data-id=\"1f98cdc\" data-element_type=\"widget\" data-widget_type=\"text-editor.default\">\n\t\t\t\t<div class=\"elementor-widget-container\">\n\t\t\t\t\t\t\t<p><span>V novembri 2019 bol rak\u00fasky \u0161t\u00e1tny znak udelen\u00fd spolo\u010dnosti Grapos.<\/span><\/p><p><span>Toto ocenenie sa ude\u013euje za v\u00fdnimo\u010dn\u00e9 \u00faspechy v rak\u00faskej ekonomike.<\/span><br \/><span>K\u013e\u00fa\u010dov\u00fdmi krit\u00e9riami s\u00fa inov\u00e1cia a udr\u017eate\u013enos\u0165.<\/span><\/p>\t\t\t\t\t\t<\/div>\n\t\t\t\t<\/div>\n\t\t\t\t<\/div>\n\t\t<div class=\"elementor-element elementor-element-b504fe6 e-con-full e-flex e-con e-child\" data-id=\"b504fe6\" data-element_type=\"container\">\n\t\t\t\t<div class=\"elementor-element elementor-element-638af79 elementor-widget elementor-widget-image\" data-id=\"638af79\" data-element_type=\"widget\" data-widget_type=\"image.default\">\n\t\t\t\t<div class=\"elementor-widget-container\">\n\t\t\t\t\t\t\t\t\t\t\t\t\t<img decoding=\"async\" width=\"150\" height=\"150\" src=\"https:\/\/grapos-softdrinks.sk\/wp-content\/uploads\/2024\/09\/AUSZEICHNUNG_UNTERNEHMEN-768x868-1-150x150.png\" class=\"attachment-thumbnail size-thumbnail wp-image-762\" alt=\"\" srcset=\"https:\/\/grapos-softdrinks.sk\/wp-content\/uploads\/2024\/09\/AUSZEICHNUNG_UNTERNEHMEN-768x868-1-150x150.png 150w, https:\/\/grapos-softdrinks.sk\/wp-content\/uploads\/2024\/09\/AUSZEICHNUNG_UNTERNEHMEN-768x868-1-600x600.png 600w\" sizes=\"(max-width: 150px) 100vw, 150px\" \/>\t\t\t\t\t\t\t\t\t\t\t\t\t<\/div>\n\t\t\t\t<\/div>\n\t\t\t\t<\/div>\n\t\t\t\t\t<\/div>\n\t\t\t\t<\/div>\n\t\t\t\t<\/div>\n\t\t","protected":false},"excerpt":{"rendered":"<p>Mal\u00fd pr\u00edbeh o spolo\u010dnosti Grapos Hist\u00f3riaV roku 1964 za\u010dali rodi\u010dia s\u00fa\u010dasn\u00e9ho riadite\u013ea Wolfganga Z mugga, Friedrich a Theresia Zmugg, s v\u00fdrobou postmixov\u00e9ho sirupu na dvore ich malej samoobsluhy v Grazi. Wolfgang Zmugg prevzal podnik od svojich rodi\u010dov v roku 1982 ako jednorazov\u00fa prev\u00e1dzku so 183 z\u00e1kazn\u00edkmi. \u010coskoro potom za\u010dalo h\u013eadanie vhodn\u00e9ho a zmyslupln\u00e9ho n\u00e1zvu, \u010do [&hellip;]<\/p>\n","protected":false},"author":1,"featured_media":0,"parent":0,"menu_order":0,"comment_status":"closed","ping_status":"closed","template":"elementor_header_footer","meta":{"footnotes":""},"class_list":["post-743","page","type-page","status-publish","hentry","entry"],"_links":{"self":[{"href":"https:\/\/grapos-softdrinks.sk\/index.php\/wp-json\/wp\/v2\/pages\/743","targetHints":{"allow":["GET"]}}],"collection":[{"href":"https:\/\/grapos-softdrinks.sk\/index.php\/wp-json\/wp\/v2\/pages"}],"about":[{"href":"https:\/\/grapos-softdrinks.sk\/index.php\/wp-json\/wp\/v2\/types\/page"}],"author":[{"embeddable":true,"href":"https:\/\/grapos-softdrinks.sk\/index.php\/wp-json\/wp\/v2\/users\/1"}],"replies":[{"embeddable":true,"href":"https:\/\/grapos-softdrinks.sk\/index.php\/wp-json\/wp\/v2\/comments?post=743"}],"version-history":[{"count":13,"href":"https:\/\/grapos-softdrinks.sk\/index.php\/wp-json\/wp\/v2\/pages\/743\/revisions"}],"predecessor-version":[{"id":1223,"href":"https:\/\/grapos-softdrinks.sk\/index.php\/wp-json\/wp\/v2\/pages\/743\/revisions\/1223"}],"wp:attachment":[{"href":"https:\/\/grapos-softdrinks.sk\/index.php\/wp-json\/wp\/v2\/media?parent=743"}],"curies":[{"name":"wp","href":"https:\/\/api.w.org\/{rel}","templated":true}]}}